{"id":70,"date":"2020-12-02T19:33:08","date_gmt":"2020-12-02T19:33:08","guid":{"rendered":"https:\/\/litus29detailing.com\/?page_id=70"},"modified":"2021-02-22T18:25:47","modified_gmt":"2021-02-22T18:25:47","slug":"wash-packages","status":"publish","type":"page","link":"https:\/\/litus29detailing.com\/es\/paquetes-de-lavado\/","title":{"rendered":"Paquetes de lavado"},"content":{"rendered":"[et_pb_section fb_built=&#8221;1&#8243; custom_padding_last_edited=&#8221;on|tablet&#8221; admin_label=&#8221;Hero&#8221; _builder_version=&#8221;4.7.7&#8243; use_background_color_gradient=&#8221;on&#8221; background_color_gradient_start=&#8221;rgba(27,31,37,0.2)&#8221; background_color_gradient_end=&#8221;#1b1f25&#8243; background_color_gradient_overlays_image=&#8221;on&#8221; background_image=&#8221;https:\/\/litus29detailing.com\/wp-content\/uploads\/2020\/12\/wash-3.png&#8221; custom_margin=&#8221;0px|||&#8221; custom_padding=&#8221;0px|10%|0px|10%|true|true&#8221; custom_padding_tablet=&#8221;|30px||30px||true&#8221; custom_padding_phone=&#8221;|||||true&#8221; locked=&#8221;off&#8221;][et_pb_row column_structure=&#8221;2_3,1_3&#8243; padding_top_bottom_link_1=&#8221;true&#8221; padding_left_right_link_1=&#8221;true&#8221; _builder_version=&#8221;4.7.4&#8243; background_size=&#8221;initial&#8221; background_position=&#8221;top_left&#8221; width=&#8221;100%&#8221; max_width=&#8221;100%&#8221; custom_margin=&#8221;|||&#8221; custom_padding=&#8221;0||0px||false|false&#8221; use_custom_width=&#8221;on&#8221; width_unit=&#8221;off&#8221; custom_width_percent=&#8221;100%&#8221;][et_pb_column type=&#8221;2_3&#8243; _builder_version=&#8221;4.7.4&#8243; custom_padding=&#8221;12vw|40px|12vw|40px&#8221; custom_padding_tablet=&#8221;|||&#8221; custom_padding_phone=&#8221;|10px||10px||true&#8221; custom_padding_last_edited=&#8221;on|desktop&#8221; padding_phone=&#8221;|10px||10px||true&#8221; padding_tablet=&#8221;|||&#8221; padding_last_edited=&#8221;on|desktop&#8221; custom_padding__hover=&#8221;|||&#8221;][et_pb_text _builder_version=&#8221;4.7.4&#8243; text_font=&#8221;Lato||||||||&#8221; text_font_size=&#8221;20px&#8221; text_line_height=&#8221;1.8em&#8221; header_font=&#8221;Teko|500||on|||||&#8221; header_font_size=&#8221;9vw&#8221; header_letter_spacing=&#8221;0.05em&#8221; header_line_height=&#8221;0.9em&#8221; background_layout=&#8221;dark&#8221; custom_margin=&#8221;|-10vw|0px|&#8221; custom_margin_tablet=&#8221;|0vw||&#8221; custom_margin_phone=&#8221;|-5vw||&#8221; custom_margin_last_edited=&#8221;on|tablet&#8221; animation_style=&#8221;zoom&#8221; animation_delay=&#8221;100ms&#8221; animation_intensity_zoom=&#8221;10%&#8221; header_font_size_tablet=&#8221;&#8221; header_font_size_phone=&#8221;&#8221; header_font_size_last_edited=&#8221;on|phone&#8221; header_line_height_tablet=&#8221;&#8221; header_line_height_phone=&#8221;1.2em&#8221; header_line_height_last_edited=&#8221;on|phone&#8221; header_text_shadow_style=&#8221;preset1&#8243; header_text_shadow_vertical_length=&#8221;0.18em&#8221; header_text_shadow_blur_strength=&#8221;0.27em&#8221; header_text_shadow_color=&#8221;rgba(0,0,0,0.38)&#8221;]<h1>Paquetes de lavado<\/h1>[\/et_pb_text][et_pb_text _builder_version=&#8221;4.7.4&#8243; text_font=&#8221;Lato||||||||&#8221; text_font_size=&#8221;20px&#8221; text_line_height=&#8221;1.8em&#8221; header_font=&#8221;||||||||&#8221; background_layout=&#8221;dark&#8221; custom_margin=&#8221;|-10vw||10vw&#8221; custom_margin_tablet=&#8221;|0vw||0px&#8221; custom_margin_phone=&#8221;&#8221; custom_margin_last_edited=&#8221;on|desktop&#8221; animation_style=&#8221;slide&#8221; animation_direction=&#8221;left&#8221; animation_intensity_slide=&#8221;10%&#8221; locked=&#8221;off&#8221;]<p>\u00a0<\/p>[\/et_pb_text][et_pb_button button_url=&#8221;https:\/\/litus29detailing.com\/contact\/&#8221; button_text=&#8221;Contact&#8221; button_alignment=&#8221;left&#8221; _builder_version=&#8221;4.7.7&#8243; custom_button=&#8221;on&#8221; button_bg_color=&#8221;#1A8DE9&#8243; button_border_width=&#8221;12px&#8221; button_border_color=&#8221;#1A8DE9&#8243; button_border_radius=&#8221;0px&#8221; button_letter_spacing=&#8221;4px&#8221; button_font=&#8221;Teko|700||on|||||&#8221; button_icon=&#8221;%%3%%&#8221; background_layout=&#8221;dark&#8221; custom_margin=&#8221;|||&#8221; animation_style=&#8221;slide&#8221; animation_direction=&#8221;left&#8221; animation_delay=&#8221;100ms&#8221; animation_intensity_slide=&#8221;20%&#8221; locked=&#8221;off&#8221; button_text_size__hover_enabled=&#8221;off&#8221; button_one_text_size__hover_enabled=&#8221;off&#8221; button_two_text_size__hover_enabled=&#8221;off&#8221; button_text_color__hover_enabled=&#8221;off&#8221; button_one_text_color__hover_enabled=&#8221;off&#8221; button_two_text_color__hover_enabled=&#8221;off&#8221; button_border_width__hover_enabled=&#8221;off&#8221; button_one_border_width__hover_enabled=&#8221;off&#8221; button_two_border_width__hover_enabled=&#8221;off&#8221; button_border_color__hover_enabled=&#8221;off&#8221; button_one_border_color__hover_enabled=&#8221;off&#8221; button_two_border_color__hover_enabled=&#8221;off&#8221; button_border_radius__hover_enabled=&#8221;off&#8221; button_one_border_radius__hover_enabled=&#8221;off&#8221; button_two_border_radius__hover_enabled=&#8221;off&#8221; button_letter_spacing__hover_enabled=&#8221;off&#8221; button_one_letter_spacing__hover_enabled=&#8221;off&#8221; button_two_letter_spacing__hover_enabled=&#8221;off&#8221; button_bg_color__hover_enabled=&#8221;off&#8221; button_one_bg_color__hover_enabled=&#8221;off&#8221; button_two_bg_color__hover_enabled=&#8221;off&#8221;][\/et_pb_button][\/et_pb_column][et_pb_column type=&#8221;1_3&#8243; _builder_version=&#8221;3.25&#8243; custom_padding=&#8221;|||&#8221; custom_padding__hover=&#8221;|||&#8221;][\/et_pb_column][\/et_pb_row][\/et_pb_section][et_pb_section fb_built=&#8221;1&#8243; _builder_version=&#8221;4.7.4&#8243; _module_preset=&#8221;default&#8221;][et_pb_row _builder_version=&#8221;4.7.4&#8243; _module_preset=&#8221;default&#8221;][et_pb_column type=&#8221;4_4&#8243; _builder_version=&#8221;4.7.4&#8243; _module_preset=&#8221;default&#8221;][et_pb_pricing_tables featured_table_header_background_color=&#8221;#000000&#8243; _builder_version=&#8221;4.7.7&#8243; _module_preset=&#8221;default&#8221; price_text_color=&#8221;#000000&#8243; price_font=&#8221;|800|||||||&#8221; price_font_size=&#8221;25px&#8221; hover_enabled=&#8221;0&#8243; sticky_enabled=&#8221;0&#8243;][et_pb_pricing_table title=&#8221;Package 1  &#8221; subtitle=&#8221;Basic&#8221; sum=&#8221;40$ &#8211; 50$&#8221; header_background_color=&#8221;#1777d1&#8243; _builder_version=&#8221;4.7.4&#8243; _module_preset=&#8221;default&#8221; sticky_transition=&#8221;on&#8221;]Hand Wash w\/Foam Bath &#038; Pressure\nCleaner Clean Wheels \nTire Dressing \nClean Exterior &#038; Interior Windows\nBug &#038; Tar Removal\nComplete Interior Wipedown &#038; Shine \nDoor Panel Scrubbing &#038; Cleaning \nFull Interior Vacuum [\/et_pb_pricing_table][et_pb_pricing_table title=&#8221;Package 2  &#8221; subtitle=&#8221;Leather care&#8221; sum=&#8221;130$ &#8211; 150$&#8221; header_background_color=&#8221;#1a8de9&#8243; _builder_version=&#8221;4.7.7&#8243; _module_preset=&#8221;default&#8221; hover_enabled=&#8221;0&#8243; sticky_transition=&#8221;on&#8221; sticky_enabled=&#8221;0&#8243;]Hand Wash w\/Foam Bath &amp; Pressure Cleaner\nClean Wheels\nTire Dressing\nClean Exterior &amp; Interior Windows\nBug &amp; Tar Removal\nSpray Shine Wax\nComplete Interior Wipedown &amp; Shine\nFull Interior Vacuum + Trunk\nClean Door Jambs\nInterior Doors and Panels\nLeather Conditioner[\/et_pb_pricing_table][et_pb_pricing_table title=&#8221;Package 3&#8243; subtitle=&#8221;Claybar&#8221; sum=&#8221;180$ &#8211; 200$&#8221; header_background_color=&#8221;#1777d1&#8243; _builder_version=&#8221;4.7.4&#8243; _module_preset=&#8221;default&#8221; sticky_transition=&#8221;on&#8221;]Hand Wash w\/Foam Bath &#038; Pressure Cleane\nClean Wheels\nTire Dressing \nClean Exterior &#038; Interior Windows\nBug &#038; Tar Removal\nTrim Restorer\nClay Bar Carnauba Hand Wax w\/ Dual Action High Speed Orbital \nComplete Interior Wipedown &#038; Shine\nDoor Panel Scrubbing &#038; Cleaning\nFull Interior Vacuum + Trunk\nClean Door Jambs\nLeather Cleaned (if applicable) Leather Conditioner (if applicable)\nShampoo Upholstery Shampoo Mats Shampoo Carpets \nFabric Protector[\/et_pb_pricing_table][et_pb_pricing_table title=&#8221;Package 4&#8243; subtitle=&#8221;Light Scratch removal&#8221; sum=&#8221;250$ &#8211; 270$&#8221; header_background_color=&#8221;#1a8de9&#8243; _builder_version=&#8221;4.7.4&#8243; _module_preset=&#8221;default&#8221; sticky_transition=&#8221;on&#8221;]Hand Wash w\/Foam Bath &#038; Pressure\nCleaner Clean Wheels\nTire Dressing\nClean Exterior &#038; Interior Windows\nBug &#038; Tar Removal\nTrim Restorer \nLight Scratch Removal\nClay Bar \nCarnauba Hand Wax w\/ Dual Action High Speed Orbital Paint Sealant \nHeadlight Restoration\nComplete Interior Wipe down &#038; Shine\nDoor Panel Scrubbing &#038; Cleaning\nFull Interior Vacuum + Trunk \nClean Door Jambs Leather Cleaned (if applicable) Leather Conditioner (if applicable) \nShampoo Upholstery Shampoo Mats Shampoo Carpets \nFabric Protector[\/et_pb_pricing_table][\/et_pb_pricing_tables][\/et_pb_column][\/et_pb_row][\/et_pb_section][et_pb_section fb_built=&#8221;1&#8243; custom_padding_last_edited=&#8221;on|tablet&#8221; admin_label=&#8221;Testimonials&#8221; _builder_version=&#8221;4.7.4&#8243; custom_padding=&#8221;30px||30px||true|false&#8221; custom_padding_tablet=&#8221;60px||0px|&#8221; custom_padding_phone=&#8221;&#8221; locked=&#8221;off&#8221;][et_pb_row _builder_version=&#8221;4.7.4&#8243; custom_margin=&#8221;||0px||false|false&#8221; custom_margin_tablet=&#8221;||0px|&#8221; custom_margin_phone=&#8221;&#8221; custom_margin_last_edited=&#8221;on|tablet&#8221;][et_pb_column type=&#8221;4_4&#8243; _builder_version=&#8221;3.25&#8243; custom_padding=&#8221;|||&#8221; custom_padding__hover=&#8221;|||&#8221;][et_pb_text _builder_version=&#8221;4.7.4&#8243; text_font=&#8221;Teko|500||on|||||&#8221; text_text_color=&#8221;#c10f1b&#8221; text_font_size=&#8221;30px&#8221; text_letter_spacing=&#8221;2px&#8221; text_line_height=&#8221;1.8em&#8221; header_4_text_color=&#8221;#000000&#8243; header_4_font_size=&#8221;25px&#8221; text_orientation=&#8221;center&#8221; max_width=&#8221;80%&#8221; module_alignment=&#8221;center&#8221; animation_style=&#8221;zoom&#8221; animation_intensity_zoom=&#8221;8%&#8221;]<h4>Eliminaci\u00f3n de pelo de mascota tendr\u00e1 un cargo extra. <\/h4>\n<h4>Extra suciedad tendr\u00e1 un cargo extra.<\/h4>[\/et_pb_text][\/et_pb_column][\/et_pb_row][\/et_pb_section][et_pb_section fb_built=&#8221;1&#8243; prev_background_color=&#8221;#ffffff&#8221; admin_label=&#8221;Financing&#8221; _builder_version=&#8221;4.7.7&#8243; use_background_color_gradient=&#8221;on&#8221; background_color_gradient_start=&#8221;rgba(27,31,37,0.3)&#8221; background_color_gradient_end=&#8221;#1b1f25&#8243; background_color_gradient_overlays_image=&#8221;on&#8221; background_image=&#8221;https:\/\/litus29detailing.com\/wp-content\/uploads\/2020\/12\/wash-3.png&#8221; min_height=&#8221;700px&#8221; min_height_tablet=&#8221;500px&#8221; min_height_phone=&#8221;250px&#8221; min_height_last_edited=&#8221;on|phone&#8221; custom_margin=&#8221;||||false|false&#8221; custom_padding=&#8221;250px||||false|false&#8221; top_divider_style=&#8221;arrow&#8221; top_divider_height_tablet=&#8221;&#8221; top_divider_height_phone=&#8221;50px&#8221; top_divider_height_last_edited=&#8221;on|phone&#8221;][\/et_pb_section][et_pb_section fb_built=&#8221;1&#8243; next_background_color=&#8221;#ffffff&#8221; admin_label=&#8221;Features&#8221; _builder_version=&#8221;4.7.4&#8243; use_background_color_gradient=&#8221;on&#8221; background_color_gradient_start=&#8221;#ffffff&#8221; background_color_gradient_end=&#8221;rgba(255,255,255,0.7)&#8221; background_color_gradient_start_position=&#8221;40%&#8221; background_color_gradient_overlays_image=&#8221;on&#8221; background_enable_image=&#8221;off&#8221; custom_padding=&#8221;80px|0px|150px|0px|false|false&#8221; bottom_divider_style=&#8221;arrow&#8221; bottom_divider_arrangement=&#8221;above_content&#8221; bottom_divider_height_tablet=&#8221;&#8221; bottom_divider_height_phone=&#8221;50px&#8221; bottom_divider_height_last_edited=&#8221;on|desktop&#8221; locked=&#8221;off&#8221;][et_pb_row _builder_version=&#8221;3.25&#8243;][et_pb_column type=&#8221;4_4&#8243; _builder_version=&#8221;3.25&#8243; custom_padding=&#8221;|||&#8221; custom_padding__hover=&#8221;|||&#8221;][et_pb_text _builder_version=&#8221;4.7.4&#8243; text_font=&#8221;Lato||||||||&#8221; text_font_size=&#8221;20px&#8221; text_line_height=&#8221;1.8em&#8221; header_font=&#8221;||||||||&#8221; header_2_font=&#8221;Teko||||||||&#8221; header_2_text_color=&#8221;#000000&#8243; header_2_font_size=&#8221;96px&#8221; text_orientation=&#8221;center&#8221; max_width=&#8221;700px&#8221; module_alignment=&#8221;center&#8221; custom_margin=&#8221;|||&#8221; header_2_font_size_tablet=&#8221;66px&#8221; header_2_font_size_phone=&#8221;36px&#8221; header_2_font_size_last_edited=&#8221;on|phone&#8221;]<h2>Nuestro trabajo<\/h2>[\/et_pb_text][\/et_pb_column][\/et_pb_row][et_pb_row column_structure=&#8221;1_3,1_3,1_3&#8243; _builder_version=&#8221;4.7.4&#8243; _module_preset=&#8221;default&#8221;][et_pb_column type=&#8221;1_3&#8243; _builder_version=&#8221;4.7.4&#8243; _module_preset=&#8221;default&#8221;][et_pb_image src=&#8221;https:\/\/litus29detailing.com\/wp-content\/uploads\/2020\/12\/wash8.png&#8221; title_text=&#8221;wash8&#8243; _builder_version=&#8221;4.7.7&#8243; _module_preset=&#8221;default&#8221;][\/et_pb_image][\/et_pb_column][et_pb_column type=&#8221;1_3&#8243; _builder_version=&#8221;4.7.4&#8243; _module_preset=&#8221;default&#8221;][et_pb_image src=&#8221;https:\/\/litus29detailing.com\/wp-content\/uploads\/2020\/12\/wash7.png&#8221; title_text=&#8221;wash7&#8243; _builder_version=&#8221;4.7.7&#8243; _module_preset=&#8221;default&#8221;][\/et_pb_image][\/et_pb_column][et_pb_column type=&#8221;1_3&#8243; _builder_version=&#8221;4.7.4&#8243; _module_preset=&#8221;default&#8221;][et_pb_image src=&#8221;https:\/\/litus29detailing.com\/wp-content\/uploads\/2020\/12\/wash4.png&#8221; title_text=&#8221;wash4&#8243; _builder_version=&#8221;4.7.7&#8243; _module_preset=&#8221;default&#8221;][\/et_pb_image][\/et_pb_column][\/et_pb_row][et_pb_row column_structure=&#8221;1_3,1_3,1_3&#8243; _builder_version=&#8221;4.7.4&#8243; _module_preset=&#8221;default&#8221;][et_pb_column type=&#8221;1_3&#8243; _builder_version=&#8221;4.7.4&#8243; _module_preset=&#8221;default&#8221;][et_pb_image src=&#8221;https:\/\/litus29detailing.com\/wp-content\/uploads\/2020\/12\/wash3.png&#8221; title_text=&#8221;wash3&#8243; _builder_version=&#8221;4.7.7&#8243; _module_preset=&#8221;default&#8221;][\/et_pb_image][\/et_pb_column][et_pb_column type=&#8221;1_3&#8243; _builder_version=&#8221;4.7.4&#8243; _module_preset=&#8221;default&#8221;][et_pb_image src=&#8221;https:\/\/litus29detailing.com\/wp-content\/uploads\/2020\/12\/wash2.png&#8221; title_text=&#8221;wash2&#8243; _builder_version=&#8221;4.7.7&#8243; _module_preset=&#8221;default&#8221;][\/et_pb_image][\/et_pb_column][et_pb_column type=&#8221;1_3&#8243; _builder_version=&#8221;4.7.4&#8243; _module_preset=&#8221;default&#8221;][et_pb_image src=&#8221;https:\/\/litus29detailing.com\/wp-content\/uploads\/2020\/12\/wash1.jpg&#8221; title_text=&#8221;wash1&#8243; _builder_version=&#8221;4.7.7&#8243; _module_preset=&#8221;default&#8221;][\/et_pb_image][\/et_pb_column][\/et_pb_row][\/et_pb_section]\n<span class=\"et_bloom_bottom_trigger\"><\/span>","protected":false},"excerpt":{"rendered":"<p>Wash packages\u00a0Hand Wash w\/Foam Bath &#038; Pressure Cleaner Clean Wheels Tire Dressing Clean Exterior &#038; Interior Windows Bug &#038; Tar Removal Complete Interior Wipedown &#038; Shine Door Panel Scrubbing &#038; Cleaning Full Interior Vacuum Hand Wash w\/Foam Bath &amp; Pressure Cleaner Clean Wheels Tire Dressing Clean Exterior &amp; Interior Windows Bug &amp; Tar Removal Spray [&hellip;]<\/p>","protected":false},"author":1,"featured_media":0,"parent":0,"menu_order":0,"comment_status":"closed","ping_status":"closed","template":"","meta":{"_et_pb_use_builder":"on","_et_pb_old_content":"","_et_gb_content_width":"","_joinchat":[],"footnotes":""},"class_list":["post-70","page","type-page","status-publish","hentry"],"yoast_head":"<!-- This site is optimized with the Yoast SEO plugin v26.5 - https:\/\/yoast.com\/wordpress\/plugins\/seo\/ -->\n<title>Mobile Car Wash in San Diego - Mobile Auto Detailing<\/title>\n<meta name=\"description\" content=\"Mobile Car Wash Service in San Diego \u00b7 Our Mobile Unit Comes to You \u00b7 We Have All the Tools, Chemicals and Necessary Knowledge to Complete the Job.\" \/>\n<meta name=\"robots\" content=\"index, follow, max-snippet:-1, max-image-preview:large, max-video-preview:-1\" \/>\n<link rel=\"canonical\" href=\"https:\/\/litus29detailing.com\/es\/paquetes-de-lavado\/\" \/>\n<meta property=\"og:locale\" content=\"es_ES\" \/>\n<meta property=\"og:type\" content=\"article\" \/>\n<meta property=\"og:title\" content=\"Mobile Car Wash in San Diego - Mobile Auto Detailing\" \/>\n<meta property=\"og:description\" content=\"Mobile Car Wash Service in San Diego \u00b7 Our Mobile Unit Comes to You \u00b7 We Have All the Tools, Chemicals and Necessary Knowledge to Complete the Job.\" \/>\n<meta property=\"og:url\" content=\"https:\/\/litus29detailing.com\/es\/paquetes-de-lavado\/\" \/>\n<meta property=\"og:site_name\" content=\"Litus 29 Detailing\" \/>\n<meta property=\"article:modified_time\" content=\"2021-02-22T18:25:47+00:00\" \/>\n<meta name=\"twitter:card\" content=\"summary_large_image\" \/>\n<meta name=\"twitter:label1\" content=\"Tiempo de lectura\" \/>\n\t<meta name=\"twitter:data1\" content=\"3 minutos\" \/>\n<script type=\"application\/ld+json\" class=\"yoast-schema-graph\">{\"@context\":\"https:\/\/schema.org\",\"@graph\":[{\"@type\":\"WebPage\",\"@id\":\"https:\/\/litus29detailing.com\/wash-packages\/\",\"url\":\"https:\/\/litus29detailing.com\/wash-packages\/\",\"name\":\"Mobile Car Wash in San Diego - Mobile Auto Detailing\",\"isPartOf\":{\"@id\":\"https:\/\/litus29detailing.com\/#website\"},\"datePublished\":\"2020-12-02T19:33:08+00:00\",\"dateModified\":\"2021-02-22T18:25:47+00:00\",\"description\":\"Mobile Car Wash Service in San Diego \u00b7 Our Mobile Unit Comes to You \u00b7 We Have All the Tools, Chemicals and Necessary Knowledge to Complete the Job.\",\"breadcrumb\":{\"@id\":\"https:\/\/litus29detailing.com\/wash-packages\/#breadcrumb\"},\"inLanguage\":\"es\",\"potentialAction\":[{\"@type\":\"ReadAction\",\"target\":[\"https:\/\/litus29detailing.com\/wash-packages\/\"]}]},{\"@type\":\"BreadcrumbList\",\"@id\":\"https:\/\/litus29detailing.com\/wash-packages\/#breadcrumb\",\"itemListElement\":[{\"@type\":\"ListItem\",\"position\":1,\"name\":\"Portada\",\"item\":\"https:\/\/litus29detailing.com\/\"},{\"@type\":\"ListItem\",\"position\":2,\"name\":\"Wash Packages\"}]},{\"@type\":\"WebSite\",\"@id\":\"https:\/\/litus29detailing.com\/#website\",\"url\":\"https:\/\/litus29detailing.com\/\",\"name\":\"Litus 29 Detailing\",\"description\":\"Litus 29 Detailing\",\"potentialAction\":[{\"@type\":\"SearchAction\",\"target\":{\"@type\":\"EntryPoint\",\"urlTemplate\":\"https:\/\/litus29detailing.com\/?s={search_term_string}\"},\"query-input\":{\"@type\":\"PropertyValueSpecification\",\"valueRequired\":true,\"valueName\":\"search_term_string\"}}],\"inLanguage\":\"es\"}]}<\/script>\n<!-- \/ Yoast SEO plugin. -->","yoast_head_json":{"title":"Lavado de autos m\u00f3vil en San Diego - Detallado m\u00f3vil","description":"Lavado de autos m\u00f3vil en San Diego \u00b7 Nos desplazamos hasta tu ubicaci\u00f3n \u00b7 Contamos con todas las herramientas, productos qu\u00edmicos y conocimientos necesarios.","robots":{"index":"index","follow":"follow","max-snippet":"max-snippet:-1","max-image-preview":"max-image-preview:large","max-video-preview":"max-video-preview:-1"},"canonical":"https:\/\/litus29detailing.com\/es\/paquetes-de-lavado\/","og_locale":"es_ES","og_type":"article","og_title":"Mobile Car Wash in San Diego - Mobile Auto Detailing","og_description":"Mobile Car Wash Service in San Diego \u00b7 Our Mobile Unit Comes to You \u00b7 We Have All the Tools, Chemicals and Necessary Knowledge to Complete the Job.","og_url":"https:\/\/litus29detailing.com\/es\/paquetes-de-lavado\/","og_site_name":"Litus 29 Detailing","article_modified_time":"2021-02-22T18:25:47+00:00","twitter_card":"summary_large_image","twitter_misc":{"Tiempo de lectura":"3 minutos"},"schema":{"@context":"https:\/\/schema.org","@graph":[{"@type":"WebPage","@id":"https:\/\/litus29detailing.com\/wash-packages\/","url":"https:\/\/litus29detailing.com\/wash-packages\/","name":"Lavado de autos m\u00f3vil en San Diego - Detallado m\u00f3vil","isPartOf":{"@id":"https:\/\/litus29detailing.com\/#website"},"datePublished":"2020-12-02T19:33:08+00:00","dateModified":"2021-02-22T18:25:47+00:00","description":"Lavado de autos m\u00f3vil en San Diego \u00b7 Nos desplazamos hasta tu ubicaci\u00f3n \u00b7 Contamos con todas las herramientas, productos qu\u00edmicos y conocimientos necesarios.","breadcrumb":{"@id":"https:\/\/litus29detailing.com\/wash-packages\/#breadcrumb"},"inLanguage":"es","potentialAction":[{"@type":"ReadAction","target":["https:\/\/litus29detailing.com\/wash-packages\/"]}]},{"@type":"BreadcrumbList","@id":"https:\/\/litus29detailing.com\/wash-packages\/#breadcrumb","itemListElement":[{"@type":"ListItem","position":1,"name":"Portada","item":"https:\/\/litus29detailing.com\/"},{"@type":"ListItem","position":2,"name":"Wash Packages"}]},{"@type":"WebSite","@id":"https:\/\/litus29detailing.com\/#website","url":"https:\/\/litus29detailing.com\/","name":"Litus 29 Detailing","description":"Litus 29 Detailing","potentialAction":[{"@type":"SearchAction","target":{"@type":"EntryPoint","urlTemplate":"https:\/\/litus29detailing.com\/?s={search_term_string}"},"query-input":{"@type":"PropertyValueSpecification","valueRequired":true,"valueName":"search_term_string"}}],"inLanguage":"es"}]}},"_links":{"self":[{"href":"https:\/\/litus29detailing.com\/es\/wp-json\/wp\/v2\/pages\/70","targetHints":{"allow":["GET"]}}],"collection":[{"href":"https:\/\/litus29detailing.com\/es\/wp-json\/wp\/v2\/pages"}],"about":[{"href":"https:\/\/litus29detailing.com\/es\/wp-json\/wp\/v2\/types\/page"}],"author":[{"embeddable":true,"href":"https:\/\/litus29detailing.com\/es\/wp-json\/wp\/v2\/users\/1"}],"replies":[{"embeddable":true,"href":"https:\/\/litus29detailing.com\/es\/wp-json\/wp\/v2\/comments?post=70"}],"version-history":[{"count":9,"href":"https:\/\/litus29detailing.com\/es\/wp-json\/wp\/v2\/pages\/70\/revisions"}],"predecessor-version":[{"id":568,"href":"https:\/\/litus29detailing.com\/es\/wp-json\/wp\/v2\/pages\/70\/revisions\/568"}],"wp:attachment":[{"href":"https:\/\/litus29detailing.com\/es\/wp-json\/wp\/v2\/media?parent=70"}],"curies":[{"name":"wp","href":"https:\/\/api.w.org\/{rel}","templated":true}]}}