{"id":65,"date":"2020-12-02T19:23:16","date_gmt":"2020-12-02T19:23:16","guid":{"rendered":"https:\/\/litus29detailing.com\/?page_id=65"},"modified":"2024-12-11T08:20:51","modified_gmt":"2024-12-11T08:20:51","slug":"engine-steam-cleaning-san-diego","status":"publish","type":"page","link":"https:\/\/litus29detailing.com\/es\/limpieza-vapor-motor-san-diego\/","title":{"rendered":"Engine Steam"},"content":{"rendered":"<p>[et_pb_section fb_built=&#8221;1&#8243; custom_padding_last_edited=&#8221;on|tablet&#8221; admin_label=&#8221;Hero&#8221; _builder_version=&#8221;4.16&#8243; use_background_color_gradient=&#8221;on&#8221; background_color_gradient_stops=&#8221;rgba(27,31,37,0.2) 0%|#1b1f25 100%&#8221; background_color_gradient_overlays_image=&#8221;on&#8221; background_color_gradient_start=&#8221;rgba(27,31,37,0.2)&#8221; background_color_gradient_end=&#8221;#1b1f25&#8243; background_image=&#8221;https:\/\/litus29detailing.com\/wp-content\/uploads\/2020\/12\/engine-portada.jpg&#8221; custom_margin=&#8221;0px|||&#8221; custom_padding=&#8221;0px|10%|0px|10%|true|true&#8221; custom_padding_tablet=&#8221;|30px||30px||true&#8221; custom_padding_phone=&#8221;|||||true&#8221; locked=&#8221;off&#8221; global_colors_info=&#8221;{}&#8221;][et_pb_row column_structure=&#8221;2_3,1_3&#8243; padding_top_bottom_link_1=&#8221;true&#8221; padding_left_right_link_1=&#8221;true&#8221; _builder_version=&#8221;4.16&#8243; background_size=&#8221;initial&#8221; background_position=&#8221;top_left&#8221; width=&#8221;100%&#8221; max_width=&#8221;100%&#8221; custom_margin=&#8221;|||&#8221; custom_padding=&#8221;0||0px||false|false&#8221; use_custom_width=&#8221;on&#8221; width_unit=&#8221;off&#8221; custom_width_percent=&#8221;100%&#8221; global_colors_info=&#8221;{}&#8221;][et_pb_column type=&#8221;2_3&#8243; _builder_version=&#8221;4.16&#8243; custom_padding=&#8221;12vw|40px|12vw|40px&#8221; custom_padding_tablet=&#8221;|||&#8221; custom_padding_phone=&#8221;|10px||10px||true&#8221; custom_padding_last_edited=&#8221;on|desktop&#8221; global_colors_info=&#8221;{}&#8221; padding_phone=&#8221;|10px||10px||true&#8221; padding_tablet=&#8221;|||&#8221; padding_last_edited=&#8221;on|desktop&#8221; custom_padding__hover=&#8221;|||&#8221;][et_pb_text _builder_version=&#8221;4.16&#8243; text_font=&#8221;Lato||||||||&#8221; text_font_size=&#8221;20px&#8221; text_line_height=&#8221;1.8em&#8221; header_font=&#8221;Teko|500||on|||||&#8221; header_font_size=&#8221;9vw&#8221; header_letter_spacing=&#8221;0.05em&#8221; header_line_height=&#8221;0.9em&#8221; background_layout=&#8221;dark&#8221; custom_margin=&#8221;|-10vw|0px|&#8221; custom_margin_tablet=&#8221;|0vw||&#8221; custom_margin_phone=&#8221;|-5vw||&#8221; custom_margin_last_edited=&#8221;on|tablet&#8221; animation_style=&#8221;zoom&#8221; animation_delay=&#8221;100ms&#8221; animation_intensity_zoom=&#8221;10%&#8221; header_font_size_tablet=&#8221;&#8221; header_font_size_phone=&#8221;&#8221; header_font_size_last_edited=&#8221;on|phone&#8221; header_line_height_tablet=&#8221;&#8221; header_line_height_phone=&#8221;1.2em&#8221; header_line_height_last_edited=&#8221;on|phone&#8221; header_text_shadow_style=&#8221;preset1&#8243; header_text_shadow_vertical_length=&#8221;0.18em&#8221; header_text_shadow_blur_strength=&#8221;0.27em&#8221; header_text_shadow_color=&#8221;rgba(0,0,0,0.38)&#8221; global_colors_info=&#8221;{}&#8221;]<\/p>\n<h1>PROFESIONAL Engine cleaning SERVICES<\/h1>\n<p>&nbsp;<\/p>\n<p>&nbsp;<\/p>\n<p>[\/et_pb_text][et_pb_text _builder_version=&#8221;4.16&#8243; text_font=&#8221;Lato||||||||&#8221; text_font_size=&#8221;20px&#8221; text_line_height=&#8221;1.8em&#8221; header_font=&#8221;||||||||&#8221; background_layout=&#8221;dark&#8221; custom_margin=&#8221;|-10vw||10vw&#8221; custom_margin_tablet=&#8221;|0vw||0px&#8221; custom_margin_phone=&#8221;&#8221; custom_margin_last_edited=&#8221;on|desktop&#8221; animation_style=&#8221;slide&#8221; animation_direction=&#8221;left&#8221; animation_intensity_slide=&#8221;10%&#8221; locked=&#8221;off&#8221; global_colors_info=&#8221;{}&#8221;]<\/p>\n<p>\u00a0<\/p>\n<p>[\/et_pb_text][et_pb_button button_url=&#8221;https:\/\/litus29detailing.com\/contact\/&#8221; button_text=&#8221;Contact&#8221; button_alignment=&#8221;left&#8221; _builder_version=&#8221;4.16&#8243; custom_button=&#8221;on&#8221; button_bg_color=&#8221;#1A8DE9&#8243; button_border_width=&#8221;12px&#8221; button_border_color=&#8221;#1A8DE9&#8243; button_border_radius=&#8221;0px&#8221; button_letter_spacing=&#8221;4px&#8221; button_font=&#8221;Teko|700||on|||||&#8221; button_icon=&#8221;&#x24;||divi||400&#8243; background_layout=&#8221;dark&#8221; custom_margin=&#8221;|||&#8221; animation_style=&#8221;slide&#8221; animation_direction=&#8221;left&#8221; animation_delay=&#8221;100ms&#8221; animation_intensity_slide=&#8221;20%&#8221; locked=&#8221;off&#8221; global_colors_info=&#8221;{}&#8221; button_text_size__hover_enabled=&#8221;off&#8221; button_one_text_size__hover_enabled=&#8221;off&#8221; button_two_text_size__hover_enabled=&#8221;off&#8221; button_text_color__hover_enabled=&#8221;off&#8221; button_one_text_color__hover_enabled=&#8221;off&#8221; button_two_text_color__hover_enabled=&#8221;off&#8221; button_border_width__hover_enabled=&#8221;off&#8221; button_one_border_width__hover_enabled=&#8221;off&#8221; button_two_border_width__hover_enabled=&#8221;off&#8221; button_border_color__hover_enabled=&#8221;off&#8221; button_one_border_color__hover_enabled=&#8221;off&#8221; button_two_border_color__hover_enabled=&#8221;off&#8221; button_border_radius__hover_enabled=&#8221;off&#8221; button_one_border_radius__hover_enabled=&#8221;off&#8221; button_two_border_radius__hover_enabled=&#8221;off&#8221; button_letter_spacing__hover_enabled=&#8221;off&#8221; button_one_letter_spacing__hover_enabled=&#8221;off&#8221; button_two_letter_spacing__hover_enabled=&#8221;off&#8221; button_bg_color__hover_enabled=&#8221;off&#8221; button_one_bg_color__hover_enabled=&#8221;off&#8221; button_two_bg_color__hover_enabled=&#8221;off&#8221;][\/et_pb_button][\/et_pb_column][et_pb_column type=&#8221;1_3&#8243; _builder_version=&#8221;4.16&#8243; custom_padding=&#8221;|||&#8221; global_colors_info=&#8221;{}&#8221; custom_padding__hover=&#8221;|||&#8221;][\/et_pb_column][\/et_pb_row][\/et_pb_section][et_pb_section fb_built=&#8221;1&#8243; admin_label=&#8221;Listings&#8221; _builder_version=&#8221;4.16&#8243; custom_padding=&#8221;0px|0px|0px|0px|false|false&#8221; global_colors_info=&#8221;{}&#8221;][et_pb_row _builder_version=&#8221;4.16&#8243; use_background_color_gradient=&#8221;on&#8221; background_color_gradient_stops=&#8221;#ffffff 0%|#f7f7f7 100%&#8221; background_color_gradient_start=&#8221;#ffffff&#8221; background_color_gradient_end=&#8221;#f7f7f7&#8243; custom_margin=&#8221;40px|auto|-4px|auto|false|false&#8221; custom_padding=&#8221;40px|0px|40px|0px|false|false&#8221; global_colors_info=&#8221;{}&#8221;][et_pb_column type=&#8221;4_4&#8243; _builder_version=&#8221;4.16&#8243; custom_padding=&#8221;|||&#8221; global_colors_info=&#8221;{}&#8221; custom_padding__hover=&#8221;|||&#8221;][et_pb_text ul_type=&#8221;square&#8221; admin_label=&#8221;Title&#8221; _builder_version=&#8221;4.18.1&#8243; text_font=&#8221;Lato|700|||||||&#8221; text_text_color=&#8221;#000000&#8243; text_font_size=&#8221;25px&#8221; text_line_height=&#8221;2em&#8221; ul_font=&#8221;||||||||&#8221; header_font=&#8221;||||||||&#8221; header_3_font=&#8221;Teko|500|||||||&#8221; header_3_text_color=&#8221;#000000&#8243; header_3_font_size=&#8221;26px&#8221; header_3_line_height=&#8221;1.2em&#8221; header_4_font=&#8221;||||||||&#8221; text_orientation=&#8221;center&#8221; custom_margin=&#8221;||0px|&#8221; hover_enabled=&#8221;0&#8243; locked=&#8221;off&#8221; global_colors_info=&#8221;{}&#8221; sticky_enabled=&#8221;0&#8243;]<\/p>\n<h2 style=\"text-align: center;\"><strong>Bring Back the Shine Under the Hood!<\/strong><\/h2>\n<p><strong><\/strong><\/p>\n<p>A clean engine is more than just good looks. Our engine cleaning service enhances your vehicle&#8217;s appearance and can also improve its performance and lifespan. Over time, grime, dirt, and oil buildup can compromise engine components and reduce efficiency. With our meticulous engine cleaning process, we ensure your engine not only looks great but is also better protected against wear and tear.<\/p>\n<p>&nbsp;<\/p>\n<p>[\/et_pb_text][\/et_pb_column][\/et_pb_row][et_pb_row _builder_version=&#8221;4.16&#8243; use_background_color_gradient=&#8221;on&#8221; background_color_gradient_stops=&#8221;#ffffff 0%|#f7f7f7 100%&#8221; background_color_gradient_start=&#8221;#ffffff&#8221; background_color_gradient_end=&#8221;#f7f7f7&#8243; custom_margin=&#8221;-3px|auto|40px|auto|false|false&#8221; custom_padding=&#8221;40px|0px|40px|0px|false|false&#8221; global_colors_info=&#8221;{}&#8221;][et_pb_column type=&#8221;4_4&#8243; _builder_version=&#8221;4.16&#8243; custom_padding=&#8221;|||&#8221; global_colors_info=&#8221;{}&#8221; custom_padding__hover=&#8221;|||&#8221;][et_pb_image src=&#8221;https:\/\/litus29detailing.com\/wp-content\/uploads\/2024\/12\/WhatsApp-Image-2024-10-28-at-20.17.55.jpeg&#8221; title_text=&#8221;WhatsApp Image 2024-10-28 at 20.17.55&#8243; show_in_lightbox=&#8221;on&#8221; use_overlay=&#8221;on&#8221; overlay_icon_color=&#8221;#c10f1b&#8221; hover_overlay_color=&#8221;rgba(0,0,0,0.3)&#8221; align_tablet=&#8221;center&#8221; align_phone=&#8221;&#8221; align_last_edited=&#8221;on|desktop&#8221; _builder_version=&#8221;4.18.1&#8243; custom_margin=&#8221;||0px|&#8221; hover_enabled=&#8221;0&#8243; global_colors_info=&#8221;{}&#8221; sticky_enabled=&#8221;0&#8243;][\/et_pb_image][\/et_pb_column][\/et_pb_row][et_pb_row _builder_version=&#8221;4.18.1&#8243; _module_preset=&#8221;default&#8221; column_structure=&#8221;1_2,1_2&#8243;][et_pb_column _builder_version=&#8221;4.18.1&#8243; _module_preset=&#8221;default&#8221; type=&#8221;1_2&#8243;][et_pb_text _builder_version=&#8221;4.18.1&#8243; _module_preset=&#8221;default&#8221; hover_enabled=&#8221;0&#8243; sticky_enabled=&#8221;0&#8243;]<\/p>\n<h3><strong>Complete Degreasing<\/strong><\/h3>\n<p>We carefully degrease the engine bay, removing harmful buildup that can damage components over time.<\/p>\n<p>[\/et_pb_text][et_pb_text _builder_version=&#8221;4.18.1&#8243; _module_preset=&#8221;default&#8221; hover_enabled=&#8221;0&#8243; sticky_enabled=&#8221;0&#8243;]<\/p>\n<h3><strong>Protection Treatment<\/strong><\/h3>\n<p>After cleaning, we apply a protective layer to the engine bay to reduce future buildup and protect against rust.<\/p>\n<p>[\/et_pb_text][\/et_pb_column][et_pb_column _builder_version=&#8221;4.18.1&#8243; _module_preset=&#8221;default&#8221; type=&#8221;1_2&#8243;][et_pb_text _builder_version=&#8221;4.18.1&#8243; _module_preset=&#8221;default&#8221; hover_enabled=&#8221;0&#8243; sticky_enabled=&#8221;0&#8243;]<\/p>\n<h3><strong>Detailed Cleaning<\/strong><\/h3>\n<p>Using specialized tools and eco-friendly cleaners, we reach every nook and cranny to remove grime without harming sensitive parts.<\/p>\n<p>[\/et_pb_text][et_pb_text _builder_version=&#8221;4.18.1&#8243; _module_preset=&#8221;default&#8221; hover_enabled=&#8221;0&#8243; sticky_enabled=&#8221;0&#8243;]<\/p>\n<h3><strong>Comprehensive Inspection<\/strong><\/h3>\n<p>During the process, we\u2019ll keep an eye out for potential issues, such as worn belts or leaks, so you stay informed about your car\u2019s health.<\/p>\n<p>[\/et_pb_text][\/et_pb_column][\/et_pb_row][et_pb_row _builder_version=&#8221;4.18.1&#8243; _module_preset=&#8221;default&#8221;][et_pb_column _builder_version=&#8221;4.18.1&#8243; _module_preset=&#8221;default&#8221; type=&#8221;4_4&#8243;][et_pb_text _builder_version=&#8221;4.18.1&#8243; _module_preset=&#8221;default&#8221; hover_enabled=&#8221;0&#8243; sticky_enabled=&#8221;0&#8243;]<\/p>\n<h3 style=\"text-align: center;\"><strong>Engine Oil Leak Cleaning Service<\/strong><\/h3>\n<p style=\"text-align: center;\"><strong>Restore Cleanliness and Safety to Your Engine Bay<\/strong><\/p>\n<p style=\"text-align: center;\">Oil leaks can be messy and potentially harmful to your engine. Our oil leak cleaning service is designed to remove all traces of leaked oil from your engine bay, enhancing both cleanliness and performance. With a clean engine, it\u2019s also easier to identify any future leaks before they cause more serious issues.<\/p>\n<h3 style=\"text-align: center;\"><\/h3>\n<p>[\/et_pb_text][\/et_pb_column][\/et_pb_row][et_pb_row _builder_version=&#8221;4.18.1&#8243; _module_preset=&#8221;default&#8221; column_structure=&#8221;1_3,1_3,1_3&#8243;][et_pb_column _builder_version=&#8221;4.18.1&#8243; _module_preset=&#8221;default&#8221; type=&#8221;1_3&#8243;][et_pb_text _builder_version=&#8221;4.18.1&#8243; _module_preset=&#8221;default&#8221; hover_enabled=&#8221;0&#8243; sticky_enabled=&#8221;0&#8243;]<\/p>\n<p><strong>Thorough Inspection:<\/strong><\/p>\n<p>We begin by identifying all areas affected by oil leaks, ensuring that no part is missed in the cleaning process<\/p>\n<p>[\/et_pb_text][\/et_pb_column][et_pb_column _builder_version=&#8221;4.18.1&#8243; _module_preset=&#8221;default&#8221; type=&#8221;1_3&#8243;][et_pb_text _builder_version=&#8221;4.18.1&#8243; _module_preset=&#8221;default&#8221; hover_enabled=&#8221;0&#8243; sticky_enabled=&#8221;0&#8243;]<\/p>\n<p><strong>Targeted Degreasing:<\/strong><\/p>\n<p>Using high-quality, engine-safe degreasers, we clean all contaminated areas to remove oil, grime, and buildup caused by leaks.<\/p>\n<p>[\/et_pb_text][\/et_pb_column][et_pb_column _builder_version=&#8221;4.18.1&#8243; _module_preset=&#8221;default&#8221; type=&#8221;1_3&#8243;][et_pb_text _builder_version=&#8221;4.18.1&#8243; _module_preset=&#8221;default&#8221; hover_enabled=&#8221;0&#8243; sticky_enabled=&#8221;0&#8243;]<\/p>\n<p><strong>Detailed Cleaning\u00a0<\/strong><strong>Detailed Cleaning: <\/strong><\/p>\n<p>We reach every corner of the engine bay to ensure no residue is left behind, paying close attention to seals, hoses, and connectors.<\/p>\n<p>[\/et_pb_text][\/et_pb_column][\/et_pb_row][\/et_pb_section][et_pb_section fb_built=&#8221;1&#8243; prev_background_color=&#8221;#ffffff&#8221; admin_label=&#8221;Financing&#8221; _builder_version=&#8221;4.16&#8243; use_background_color_gradient=&#8221;on&#8221; background_color_gradient_stops=&#8221;rgba(27,31,37,0.3) 0%|rgba(0,0,0,0) 100%&#8221; background_color_gradient_overlays_image=&#8221;on&#8221; background_color_gradient_start=&#8221;rgba(27,31,37,0.3)&#8221; background_color_gradient_end=&#8221;rgba(0,0,0,0)&#8221; background_image=&#8221;https:\/\/litus29detailing.com\/wp-content\/uploads\/2020\/12\/motor2.png&#8221; min_height=&#8221;700px&#8221; min_height_tablet=&#8221;500px&#8221; min_height_phone=&#8221;250px&#8221; min_height_last_edited=&#8221;on|phone&#8221; custom_margin=&#8221;||250px||false|false&#8221; custom_padding=&#8221;250px||||false|false&#8221; top_divider_style=&#8221;arrow&#8221; top_divider_height_tablet=&#8221;&#8221; top_divider_height_phone=&#8221;50px&#8221; top_divider_height_last_edited=&#8221;on|phone&#8221; global_colors_info=&#8221;{}&#8221;][\/et_pb_section]<\/p>\n<span class=\"et_bloom_bottom_trigger\"><\/span>","protected":false},"excerpt":{"rendered":"<p>PROFESIONAL Engine cleaning SERVICES &nbsp; &nbsp;\u00a0Bring Back the Shine Under the Hood! A clean engine is more than just good looks. Our engine cleaning service enhances your vehicle&#8217;s appearance and can also improve its performance and lifespan. Over time, grime, dirt, and oil buildup can compromise engine components and reduce efficiency. With our meticulous engine [&hellip;]<\/p>","protected":false},"author":1,"featured_media":0,"parent":0,"menu_order":0,"comment_status":"closed","ping_status":"closed","template":"","meta":{"_et_pb_use_builder":"on","_et_pb_old_content":"","_et_gb_content_width":"","_joinchat":[],"footnotes":""},"class_list":["post-65","page","type-page","status-publish","hentry"],"yoast_head":"<!-- This site is optimized with the Yoast SEO plugin v26.5 - https:\/\/yoast.com\/wordpress\/plugins\/seo\/ -->\n<title>Engine Steam Cleaning in San Diego - Mobile Auto Detailing<\/title>\n<meta name=\"description\" content=\"Engine Steam Cleaning Mobile Service in San Diego \u00b7 Our Mobile Unit Comes to You \u00b7 Get a clean and Well-Maintained engine in safe from rusting ang clogging.\" \/>\n<meta name=\"robots\" content=\"index, follow, max-snippet:-1, max-image-preview:large, max-video-preview:-1\" \/>\n<link rel=\"canonical\" href=\"https:\/\/litus29detailing.com\/es\/limpieza-vapor-motor-san-diego\/\" \/>\n<meta property=\"og:locale\" content=\"es_ES\" \/>\n<meta property=\"og:type\" content=\"article\" \/>\n<meta property=\"og:title\" content=\"Engine Steam Cleaning in San Diego - Mobile Auto Detailing\" \/>\n<meta property=\"og:description\" content=\"Engine Steam Cleaning Mobile Service in San Diego \u00b7 Our Mobile Unit Comes to You \u00b7 Get a clean and Well-Maintained engine in safe from rusting ang clogging.\" \/>\n<meta property=\"og:url\" content=\"https:\/\/litus29detailing.com\/es\/limpieza-vapor-motor-san-diego\/\" \/>\n<meta property=\"og:site_name\" content=\"Litus 29 Detailing\" \/>\n<meta property=\"article:modified_time\" content=\"2024-12-11T08:20:51+00:00\" \/>\n<meta name=\"twitter:card\" content=\"summary_large_image\" \/>\n<meta name=\"twitter:label1\" content=\"Tiempo de lectura\" \/>\n\t<meta name=\"twitter:data1\" content=\"2 minutos\" \/>\n<script type=\"application\/ld+json\" class=\"yoast-schema-graph\">{\"@context\":\"https:\/\/schema.org\",\"@graph\":[{\"@type\":\"WebPage\",\"@id\":\"https:\/\/litus29detailing.com\/engine-steam-cleaning-san-diego\/\",\"url\":\"https:\/\/litus29detailing.com\/engine-steam-cleaning-san-diego\/\",\"name\":\"Engine Steam Cleaning in San Diego - Mobile Auto Detailing\",\"isPartOf\":{\"@id\":\"https:\/\/litus29detailing.com\/#website\"},\"datePublished\":\"2020-12-02T19:23:16+00:00\",\"dateModified\":\"2024-12-11T08:20:51+00:00\",\"description\":\"Engine Steam Cleaning Mobile Service in San Diego \u00b7 Our Mobile Unit Comes to You \u00b7 Get a clean and Well-Maintained engine in safe from rusting ang clogging.\",\"breadcrumb\":{\"@id\":\"https:\/\/litus29detailing.com\/engine-steam-cleaning-san-diego\/#breadcrumb\"},\"inLanguage\":\"es\",\"potentialAction\":[{\"@type\":\"ReadAction\",\"target\":[\"https:\/\/litus29detailing.com\/engine-steam-cleaning-san-diego\/\"]}]},{\"@type\":\"BreadcrumbList\",\"@id\":\"https:\/\/litus29detailing.com\/engine-steam-cleaning-san-diego\/#breadcrumb\",\"itemListElement\":[{\"@type\":\"ListItem\",\"position\":1,\"name\":\"Portada\",\"item\":\"https:\/\/litus29detailing.com\/\"},{\"@type\":\"ListItem\",\"position\":2,\"name\":\"Engine Steam\"}]},{\"@type\":\"WebSite\",\"@id\":\"https:\/\/litus29detailing.com\/#website\",\"url\":\"https:\/\/litus29detailing.com\/\",\"name\":\"Litus 29 Detailing\",\"description\":\"Litus 29 Detailing\",\"potentialAction\":[{\"@type\":\"SearchAction\",\"target\":{\"@type\":\"EntryPoint\",\"urlTemplate\":\"https:\/\/litus29detailing.com\/?s={search_term_string}\"},\"query-input\":{\"@type\":\"PropertyValueSpecification\",\"valueRequired\":true,\"valueName\":\"search_term_string\"}}],\"inLanguage\":\"es\"}]}<\/script>\n<!-- \/ Yoast SEO plugin. -->","yoast_head_json":{"title":"Limpieza a Vapor del Motor en San Diego - Detallado M\u00f3vil de Autom\u00f3viles","description":"Servicio M\u00f3vil de Limpieza a Vapor del Motor en San Diego \u00b7 Nuestra Unidad M\u00f3vil Llega a Ti \u00b7 Obt\u00e9n un motor limpio y bien mantenido, protegido contra la oxidaci\u00f3n y la obstrucci\u00f3n.","robots":{"index":"index","follow":"follow","max-snippet":"max-snippet:-1","max-image-preview":"max-image-preview:large","max-video-preview":"max-video-preview:-1"},"canonical":"https:\/\/litus29detailing.com\/es\/limpieza-vapor-motor-san-diego\/","og_locale":"es_ES","og_type":"article","og_title":"Engine Steam Cleaning in San Diego - Mobile Auto Detailing","og_description":"Engine Steam Cleaning Mobile Service in San Diego \u00b7 Our Mobile Unit Comes to You \u00b7 Get a clean and Well-Maintained engine in safe from rusting ang clogging.","og_url":"https:\/\/litus29detailing.com\/es\/limpieza-vapor-motor-san-diego\/","og_site_name":"Litus 29 Detailing","article_modified_time":"2024-12-11T08:20:51+00:00","twitter_card":"summary_large_image","twitter_misc":{"Tiempo de lectura":"2 minutos"},"schema":{"@context":"https:\/\/schema.org","@graph":[{"@type":"WebPage","@id":"https:\/\/litus29detailing.com\/engine-steam-cleaning-san-diego\/","url":"https:\/\/litus29detailing.com\/engine-steam-cleaning-san-diego\/","name":"Limpieza a Vapor del Motor en San Diego - Detallado M\u00f3vil de Autom\u00f3viles","isPartOf":{"@id":"https:\/\/litus29detailing.com\/#website"},"datePublished":"2020-12-02T19:23:16+00:00","dateModified":"2024-12-11T08:20:51+00:00","description":"Servicio M\u00f3vil de Limpieza a Vapor del Motor en San Diego \u00b7 Nuestra Unidad M\u00f3vil Llega a Ti \u00b7 Obt\u00e9n un motor limpio y bien mantenido, protegido contra la oxidaci\u00f3n y la obstrucci\u00f3n.","breadcrumb":{"@id":"https:\/\/litus29detailing.com\/engine-steam-cleaning-san-diego\/#breadcrumb"},"inLanguage":"es","potentialAction":[{"@type":"ReadAction","target":["https:\/\/litus29detailing.com\/engine-steam-cleaning-san-diego\/"]}]},{"@type":"BreadcrumbList","@id":"https:\/\/litus29detailing.com\/engine-steam-cleaning-san-diego\/#breadcrumb","itemListElement":[{"@type":"ListItem","position":1,"name":"Portada","item":"https:\/\/litus29detailing.com\/"},{"@type":"ListItem","position":2,"name":"Engine Steam"}]},{"@type":"WebSite","@id":"https:\/\/litus29detailing.com\/#website","url":"https:\/\/litus29detailing.com\/","name":"Litus 29 Detailing","description":"Litus 29 Detailing","potentialAction":[{"@type":"SearchAction","target":{"@type":"EntryPoint","urlTemplate":"https:\/\/litus29detailing.com\/?s={search_term_string}"},"query-input":{"@type":"PropertyValueSpecification","valueRequired":true,"valueName":"search_term_string"}}],"inLanguage":"es"}]}},"_links":{"self":[{"href":"https:\/\/litus29detailing.com\/es\/wp-json\/wp\/v2\/pages\/65","targetHints":{"allow":["GET"]}}],"collection":[{"href":"https:\/\/litus29detailing.com\/es\/wp-json\/wp\/v2\/pages"}],"about":[{"href":"https:\/\/litus29detailing.com\/es\/wp-json\/wp\/v2\/types\/page"}],"author":[{"embeddable":true,"href":"https:\/\/litus29detailing.com\/es\/wp-json\/wp\/v2\/users\/1"}],"replies":[{"embeddable":true,"href":"https:\/\/litus29detailing.com\/es\/wp-json\/wp\/v2\/comments?post=65"}],"version-history":[{"count":9,"href":"https:\/\/litus29detailing.com\/es\/wp-json\/wp\/v2\/pages\/65\/revisions"}],"predecessor-version":[{"id":2950,"href":"https:\/\/litus29detailing.com\/es\/wp-json\/wp\/v2\/pages\/65\/revisions\/2950"}],"wp:attachment":[{"href":"https:\/\/litus29detailing.com\/es\/wp-json\/wp\/v2\/media?parent=65"}],"curies":[{"name":"wp","href":"https:\/\/api.w.org\/{rel}","templated":true}]}}