{"id":440,"date":"2021-01-14T15:46:25","date_gmt":"2021-01-14T15:46:25","guid":{"rendered":"https:\/\/litus29detailing.com\/?page_id=440"},"modified":"2021-02-22T18:29:38","modified_gmt":"2021-02-22T18:29:38","slug":"interior-detailing-san-diego","status":"publish","type":"page","link":"https:\/\/litus29detailing.com\/es\/detallado-interior-san-diego\/","title":{"rendered":"Detalle interior"},"content":{"rendered":"[et_pb_section fb_built=&#8221;1&#8243; custom_padding_last_edited=&#8221;on|tablet&#8221; admin_label=&#8221;Hero&#8221; _builder_version=&#8221;4.7.7&#8243; use_background_color_gradient=&#8221;on&#8221; background_color_gradient_start=&#8221;rgba(27,31,37,0.2)&#8221; background_color_gradient_end=&#8221;#1b1f25&#8243; background_color_gradient_overlays_image=&#8221;on&#8221; background_image=&#8221;https:\/\/litus29detailing.com\/wp-content\/uploads\/2021\/02\/interior-detailing7.jpg&#8221; custom_margin=&#8221;0px|||&#8221; custom_padding=&#8221;0px|10%|0px|10%|true|true&#8221; custom_padding_tablet=&#8221;|30px||30px||true&#8221; custom_padding_phone=&#8221;|||||true&#8221; hover_enabled=&#8221;0&#8243; locked=&#8221;off&#8221; title_text=&#8221;interior-detailing7&#8243; sticky_enabled=&#8221;0&#8243;][et_pb_row column_structure=&#8221;2_3,1_3&#8243; padding_top_bottom_link_1=&#8221;true&#8221; padding_left_right_link_1=&#8221;true&#8221; _builder_version=&#8221;4.7.4&#8243; background_size=&#8221;initial&#8221; background_position=&#8221;top_left&#8221; width=&#8221;100%&#8221; max_width=&#8221;100%&#8221; custom_margin=&#8221;|||&#8221; custom_padding=&#8221;0||0px||false|false&#8221; use_custom_width=&#8221;on&#8221; width_unit=&#8221;off&#8221; custom_width_percent=&#8221;100%&#8221;][et_pb_column type=&#8221;2_3&#8243; _builder_version=&#8221;4.7.4&#8243; custom_padding=&#8221;12vw|40px|12vw|40px&#8221; custom_padding_tablet=&#8221;|||&#8221; custom_padding_phone=&#8221;|10px||10px||true&#8221; custom_padding_last_edited=&#8221;on|desktop&#8221; padding_phone=&#8221;|10px||10px||true&#8221; padding_tablet=&#8221;|||&#8221; padding_last_edited=&#8221;on|desktop&#8221; custom_padding__hover=&#8221;|||&#8221;][et_pb_text _builder_version=&#8221;4.7.7&#8243; text_font=&#8221;Lato||||||||&#8221; text_font_size=&#8221;20px&#8221; text_line_height=&#8221;1.8em&#8221; header_font=&#8221;Teko|500||on|||||&#8221; header_font_size=&#8221;9vw&#8221; header_letter_spacing=&#8221;0.05em&#8221; header_line_height=&#8221;0.9em&#8221; background_layout=&#8221;dark&#8221; custom_margin=&#8221;|-10vw|0px|&#8221; custom_margin_tablet=&#8221;|0vw||&#8221; custom_margin_phone=&#8221;|-5vw||&#8221; custom_margin_last_edited=&#8221;on|tablet&#8221; animation_style=&#8221;zoom&#8221; animation_delay=&#8221;100ms&#8221; animation_intensity_zoom=&#8221;10%&#8221; header_font_size_tablet=&#8221;&#8221; header_font_size_phone=&#8221;&#8221; header_font_size_last_edited=&#8221;on|phone&#8221; header_line_height_tablet=&#8221;&#8221; header_line_height_phone=&#8221;1.2em&#8221; header_line_height_last_edited=&#8221;on|phone&#8221; header_text_shadow_style=&#8221;preset1&#8243; header_text_shadow_vertical_length=&#8221;0.18em&#8221; header_text_shadow_blur_strength=&#8221;0.27em&#8221; header_text_shadow_color=&#8221;rgba(0,0,0,0.38)&#8221;]<h1>Detalle interior<\/h1>[\/et_pb_text][et_pb_text _builder_version=&#8221;4.7.4&#8243; text_font=&#8221;Lato||||||||&#8221; text_font_size=&#8221;20px&#8221; text_line_height=&#8221;1.8em&#8221; header_font=&#8221;||||||||&#8221; background_layout=&#8221;dark&#8221; custom_margin=&#8221;|-10vw||10vw&#8221; custom_margin_tablet=&#8221;|0vw||0px&#8221; custom_margin_phone=&#8221;&#8221; custom_margin_last_edited=&#8221;on|desktop&#8221; animation_style=&#8221;slide&#8221; animation_direction=&#8221;left&#8221; animation_intensity_slide=&#8221;10%&#8221; locked=&#8221;off&#8221;]<p>\u00a0<\/p>[\/et_pb_text][et_pb_button button_url=&#8221;https:\/\/litus29detailing.com\/contact\/&#8221; button_text=&#8221;Contact&#8221; button_alignment=&#8221;left&#8221; _builder_version=&#8221;4.7.7&#8243; custom_button=&#8221;on&#8221; button_bg_color=&#8221;#1A8DE9&#8243; button_border_width=&#8221;12px&#8221; button_border_color=&#8221;#1A8DE9&#8243; button_border_radius=&#8221;0px&#8221; button_letter_spacing=&#8221;4px&#8221; button_font=&#8221;Teko|700||on|||||&#8221; button_icon=&#8221;%%3%%&#8221; background_layout=&#8221;dark&#8221; custom_margin=&#8221;|||&#8221; animation_style=&#8221;slide&#8221; animation_direction=&#8221;left&#8221; animation_delay=&#8221;100ms&#8221; animation_intensity_slide=&#8221;20%&#8221; locked=&#8221;off&#8221; button_text_size__hover_enabled=&#8221;off&#8221; button_one_text_size__hover_enabled=&#8221;off&#8221; button_two_text_size__hover_enabled=&#8221;off&#8221; button_text_color__hover_enabled=&#8221;off&#8221; button_one_text_color__hover_enabled=&#8221;off&#8221; button_two_text_color__hover_enabled=&#8221;off&#8221; button_border_width__hover_enabled=&#8221;off&#8221; button_one_border_width__hover_enabled=&#8221;off&#8221; button_two_border_width__hover_enabled=&#8221;off&#8221; button_border_color__hover_enabled=&#8221;off&#8221; button_one_border_color__hover_enabled=&#8221;off&#8221; button_two_border_color__hover_enabled=&#8221;off&#8221; button_border_radius__hover_enabled=&#8221;off&#8221; button_one_border_radius__hover_enabled=&#8221;off&#8221; button_two_border_radius__hover_enabled=&#8221;off&#8221; button_letter_spacing__hover_enabled=&#8221;off&#8221; button_one_letter_spacing__hover_enabled=&#8221;off&#8221; button_two_letter_spacing__hover_enabled=&#8221;off&#8221; button_bg_color__hover_enabled=&#8221;off&#8221; button_one_bg_color__hover_enabled=&#8221;off&#8221; button_two_bg_color__hover_enabled=&#8221;off&#8221;][\/et_pb_button][\/et_pb_column][et_pb_column type=&#8221;1_3&#8243; _builder_version=&#8221;3.25&#8243; custom_padding=&#8221;|||&#8221; custom_padding__hover=&#8221;|||&#8221;][\/et_pb_column][\/et_pb_row][\/et_pb_section][et_pb_section fb_built=&#8221;1&#8243; admin_label=&#8221;Listings&#8221; _builder_version=&#8221;4.7.4&#8243; custom_padding=&#8221;0px|0px|0px|0px|false|false&#8221;][et_pb_row column_structure=&#8221;1_2,1_2&#8243; _builder_version=&#8221;4.7.7&#8243; _module_preset=&#8221;default&#8221; min_height=&#8221;316px&#8221; custom_padding=&#8221;50px||||false|false&#8221;][et_pb_column type=&#8221;1_2&#8243; _builder_version=&#8221;4.7.7&#8243; _module_preset=&#8221;default&#8221;][et_pb_text ul_type=&#8221;square&#8221; admin_label=&#8221;Title&#8221; _builder_version=&#8221;4.7.7&#8243; text_font=&#8221;Lato||||||||&#8221; text_font_size=&#8221;16px&#8221; text_line_height=&#8221;2em&#8221; ul_font=&#8221;||||||||&#8221; header_font=&#8221;||||||||&#8221; header_3_font=&#8221;Teko|500|||||||&#8221; header_3_text_color=&#8221;#000000&#8243; header_3_font_size=&#8221;26px&#8221; header_3_line_height=&#8221;1.2em&#8221; header_4_font=&#8221;||||||||&#8221; custom_margin=&#8221;||0px|&#8221; locked=&#8221;off&#8221;]<h3>Detalle Profundo de Limpieza<\/h3>\n<h3><span style=\"font-size: 16px; font-family: Lato, Helvetica, Arial, Lucida, sans-serif; color: #666666;\">El detallado Incluye:<\/span><\/h3>\n<ul>\n<li>Ventanas Interiores<\/li>\n<li>Espejos<\/li>\n<li>Todas las superficies de vinilo\/pl\u00e1stico<\/li>\n<li> Salpicadero <\/li>\n<li> Consola central<\/li>\n<li>Portavasos<\/li>\n<li> Maletero y compartimentos <\/li>\n<\/ul>[\/et_pb_text][\/et_pb_column][et_pb_column type=&#8221;1_2&#8243; _builder_version=&#8221;4.7.7&#8243; _module_preset=&#8221;default&#8221;][et_pb_text ul_type=&#8221;square&#8221; admin_label=&#8221;Title&#8221; _builder_version=&#8221;4.7.7&#8243; text_font=&#8221;Lato||||||||&#8221; text_font_size=&#8221;16px&#8221; text_line_height=&#8221;2em&#8221; ul_font=&#8221;||||||||&#8221; header_font=&#8221;||||||||&#8221; header_3_font=&#8221;Teko|500|||||||&#8221; header_3_text_color=&#8221;#000000&#8243; header_3_font_size=&#8221;26px&#8221; header_3_line_height=&#8221;1.2em&#8221; header_4_font=&#8221;||||||||&#8221; custom_margin=&#8221;||0px|&#8221; custom_padding=&#8221;38px|||||&#8221; locked=&#8221;off&#8221;]<p> Se realizar\u00e1 una limpieza intensiva de manchas en los asientos de cuero o tela para eliminar manchas m\u00e1s dif\u00edciles si es necesario, junto con el champ\u00fa y la extracci\u00f3n con calor de todas las alfombras, tapetes y asientos.<\/p> <p> Si los asientos son de cuero, se realizar\u00e1 una limpieza exhaustiva con cepillos suaves, toallas de microfibra y limpiadores dedicados, dejando las superficies suaves pero secas al tacto. Las superficies de pl\u00e1stico no se \"visten\", sino que se dejan con un acabado limpio de f\u00e1brica.<\/p>[\/et_pb_text][\/et_pb_column][\/et_pb_row][et_pb_row column_structure=&#8221;1_2,1_2&#8243; _builder_version=&#8221;4.7.7&#8243; _module_preset=&#8221;default&#8221;][et_pb_column type=&#8221;1_2&#8243; _builder_version=&#8221;4.7.7&#8243; _module_preset=&#8221;default&#8221;][et_pb_image src=&#8221;https:\/\/litus29detailing.com\/wp-content\/uploads\/2021\/01\/interior-detailing-1.png&#8221; title_text=&#8221;interior-detailing-1&#8243; show_in_lightbox=&#8221;on&#8221; use_overlay=&#8221;on&#8221; overlay_icon_color=&#8221;#c10f1b&#8221; hover_overlay_color=&#8221;rgba(0,0,0,0.3)&#8221; align_tablet=&#8221;center&#8221; align_phone=&#8221;&#8221; align_last_edited=&#8221;on|desktop&#8221; _builder_version=&#8221;4.7.7&#8243; custom_margin=&#8221;||0px|&#8221; hover_enabled=&#8221;0&#8243; sticky_enabled=&#8221;0&#8243;][\/et_pb_image][\/et_pb_column][et_pb_column type=&#8221;1_2&#8243; _builder_version=&#8221;4.7.7&#8243; _module_preset=&#8221;default&#8221;][et_pb_image src=&#8221;https:\/\/litus29detailing.com\/wp-content\/uploads\/2021\/02\/interior-detailing8.jpg&#8221; title_text=&#8221;interior-detailing8&#8243; show_in_lightbox=&#8221;on&#8221; use_overlay=&#8221;on&#8221; overlay_icon_color=&#8221;#c10f1b&#8221; hover_overlay_color=&#8221;rgba(0,0,0,0.3)&#8221; align_tablet=&#8221;center&#8221; align_phone=&#8221;&#8221; align_last_edited=&#8221;on|desktop&#8221; _builder_version=&#8221;4.7.7&#8243; custom_margin=&#8221;0px||0px||false|false&#8221; hover_enabled=&#8221;0&#8243; sticky_enabled=&#8221;0&#8243;][\/et_pb_image][\/et_pb_column][\/et_pb_row][et_pb_row column_structure=&#8221;1_2,1_2&#8243; _builder_version=&#8221;4.7.7&#8243; _module_preset=&#8221;default&#8221;][et_pb_column type=&#8221;1_2&#8243; _builder_version=&#8221;4.7.7&#8243; _module_preset=&#8221;default&#8221;][et_pb_text ul_type=&#8221;square&#8221; admin_label=&#8221;Title&#8221; _builder_version=&#8221;4.7.7&#8243; text_font=&#8221;Lato||||||||&#8221; text_font_size=&#8221;16px&#8221; text_line_height=&#8221;2em&#8221; ul_font=&#8221;||||||||&#8221; header_font=&#8221;||||||||&#8221; header_3_font=&#8221;Teko|500|||||||&#8221; header_3_text_color=&#8221;#000000&#8243; header_3_font_size=&#8221;26px&#8221; header_3_line_height=&#8221;1.2em&#8221; header_4_font=&#8221;||||||||&#8221; custom_margin=&#8221;||0px|&#8221; locked=&#8221;off&#8221;]<h3>Detalle de Arriba Abajo<\/h3>\n\n<p> \u00a1No encontrar\u00e1s un servicio interior m\u00e1s completo que este! Nuestro Detallado de Arriba Abajo alcanza cada grieta y recoveco de tu interior mientras devuelve tu interior lo m\u00e1s cerca posible de su condici\u00f3n original. <\/p>\n\n<p> Si buscas calidad absoluta e intransigente y una restauraci\u00f3n total del interior, este servicio no tiene igual. Revisamos cada \u00faltimo detalle de tu interior para asegurar una perfecci\u00f3n casi absoluta. <\/p>\n\n<p> Este servicio incluye todo lo del Detalle de Limpieza Profunda. Sin embargo, tal como suena, el interior se limpia de arriba abajo, incluyendo:<\/p>\n\n\n<ul>\n<li> Limpieza exhaustiva del cuero<\/li>\n<li>Champ\u00fa y extracci\u00f3n con calor <\/li>\n<li> Limpieza a vapor de los asientos tapizados y de toda la moqueta, revestimiento del techo, pilares y cualquier limpieza a vapor necesaria.<\/li>\n\n<\/ul>[\/et_pb_text][\/et_pb_column][et_pb_column type=&#8221;1_2&#8243; _builder_version=&#8221;4.7.7&#8243; _module_preset=&#8221;default&#8221;][et_pb_text ul_type=&#8221;square&#8221; admin_label=&#8221;Title&#8221; _builder_version=&#8221;4.7.7&#8243; text_font=&#8221;Lato||||||||&#8221; text_font_size=&#8221;16px&#8221; text_line_height=&#8221;2em&#8221; ul_font=&#8221;||||||||&#8221; header_font=&#8221;||||||||&#8221; header_3_font=&#8221;Teko|500|||||||&#8221; header_3_text_color=&#8221;#000000&#8243; header_3_font_size=&#8221;26px&#8221; header_3_line_height=&#8221;1.2em&#8221; header_4_font=&#8221;||||||||&#8221; min_height=&#8221;239px&#8221; custom_margin=&#8221;||0px|&#8221; custom_padding=&#8221;36px|||||&#8221; locked=&#8221;off&#8221;] <p> Utilizando productos premium, el cuero se acondiciona con un tratamiento de 2 etapas para acondicionarlo y sellarlo, lo que lo protege contra manchas y da\u00f1os UV. Se aplica un protector de tela a los tapetes para resistir manchas futuras tambi\u00e9n.<\/p>\n<p>We also offer a Leather Ceramic coating to protect the leather and Vinyl against future\ndamage and soiling.<\/p>[\/et_pb_text][\/et_pb_column][\/et_pb_row][et_pb_row column_structure=&#8221;1_2,1_2&#8243; _builder_version=&#8221;4.7.4&#8243; use_background_color_gradient=&#8221;on&#8221; background_color_gradient_start=&#8221;#ffffff&#8221; background_color_gradient_end=&#8221;#f7f7f7&#8243; custom_margin=&#8221;40px||40px||false|false&#8221; custom_padding=&#8221;40px|0px|40px|0px|false|false&#8221;][et_pb_column type=&#8221;1_2&#8243; _builder_version=&#8221;3.25&#8243; custom_padding=&#8221;|||&#8221; custom_padding__hover=&#8221;|||&#8221;][et_pb_image src=&#8221;https:\/\/litus29detailing.com\/wp-content\/uploads\/2021\/01\/interior-detailing-4.png&#8221; title_text=&#8221;interior-detailing-4&#8243; show_in_lightbox=&#8221;on&#8221; use_overlay=&#8221;on&#8221; overlay_icon_color=&#8221;#c10f1b&#8221; hover_overlay_color=&#8221;rgba(0,0,0,0.3)&#8221; align_tablet=&#8221;center&#8221; align_phone=&#8221;&#8221; align_last_edited=&#8221;on|desktop&#8221; _builder_version=&#8221;4.7.7&#8243; custom_margin=&#8221;||0px|&#8221;][\/et_pb_image][\/et_pb_column][et_pb_column type=&#8221;1_2&#8243; _builder_version=&#8221;3.25&#8243; custom_padding=&#8221;|||&#8221; custom_padding__hover=&#8221;|||&#8221;][et_pb_image src=&#8221;https:\/\/litus29detailing.com\/wp-content\/uploads\/2021\/01\/interior-detailing-5.jpg&#8221; title_text=&#8221;interior-detailing-5&#8243; show_in_lightbox=&#8221;on&#8221; use_overlay=&#8221;on&#8221; overlay_icon_color=&#8221;#c10f1b&#8221; hover_overlay_color=&#8221;rgba(0,0,0,0.3)&#8221; align_tablet=&#8221;center&#8221; align_phone=&#8221;&#8221; align_last_edited=&#8221;on|desktop&#8221; _builder_version=&#8221;4.7.7&#8243; custom_margin=&#8221;-2px||0px||false|false&#8221;][\/et_pb_image][\/et_pb_column][\/et_pb_row][\/et_pb_section][et_pb_section fb_built=&#8221;1&#8243; prev_background_color=&#8221;#ffffff&#8221; admin_label=&#8221;Financing&#8221; _builder_version=&#8221;4.7.7&#8243; use_background_color_gradient=&#8221;on&#8221; background_color_gradient_start=&#8221;rgba(27,31,37,0.3)&#8221; background_color_gradient_end=&#8221;#1b1f25&#8243; background_color_gradient_overlays_image=&#8221;on&#8221; background_image=&#8221;https:\/\/litus29detailing.com\/wp-content\/uploads\/2021\/02\/interior-detailing9.jpg&#8221; min_height=&#8221;700px&#8221; min_height_tablet=&#8221;500px&#8221; min_height_phone=&#8221;250px&#8221; min_height_last_edited=&#8221;on|phone&#8221; custom_margin=&#8221;||||false|false&#8221; custom_padding=&#8221;250px||||false|false&#8221; top_divider_style=&#8221;arrow&#8221; top_divider_height_tablet=&#8221;&#8221; top_divider_height_phone=&#8221;50px&#8221; top_divider_height_last_edited=&#8221;on|phone&#8221; hover_enabled=&#8221;0&#8243; title_text=&#8221;interior-detailing9&#8243; sticky_enabled=&#8221;0&#8243;][\/et_pb_section]\n<span class=\"et_bloom_bottom_trigger\"><\/span>","protected":false},"excerpt":{"rendered":"<p>Interior Detailing\u00a0Deep Clean Detail Detaling work Includes : Inside Windows Mirrors All vinyl\/plastic surfaces Dashboard Center console Cup holders Trunk and compartments Intensive spot cleaning of leather or fabric seats will be performed to remove heavier stains if needed, along with shampooing and heated extraction of all carpets, floor mats, and seats. If seating is [&hellip;]<\/p>","protected":false},"author":1,"featured_media":0,"parent":0,"menu_order":0,"comment_status":"closed","ping_status":"closed","template":"","meta":{"_et_pb_use_builder":"on","_et_pb_old_content":"","_et_gb_content_width":"","_joinchat":[],"footnotes":""},"class_list":["post-440","page","type-page","status-publish","hentry"],"yoast_head":"<!-- This site is optimized with the Yoast SEO plugin v26.5 - https:\/\/yoast.com\/wordpress\/plugins\/seo\/ -->\n<title>Interior Detailing in San Diego - Mobile Auto Detailing<\/title>\n<meta name=\"description\" content=\"Professional interior car detailing Service in San Diego \u00b7 Our Mobile Unit Comes to You \u00b7 Intensive spot cleaning of interior car \u00b7 Your car like new!\" \/>\n<meta name=\"robots\" content=\"index, follow, max-snippet:-1, max-image-preview:large, max-video-preview:-1\" \/>\n<link rel=\"canonical\" href=\"https:\/\/litus29detailing.com\/es\/detallado-interior-san-diego\/\" \/>\n<meta property=\"og:locale\" content=\"es_ES\" \/>\n<meta property=\"og:type\" content=\"article\" \/>\n<meta property=\"og:title\" content=\"Interior Detailing in San Diego - Mobile Auto Detailing\" \/>\n<meta property=\"og:description\" content=\"Professional interior car detailing Service in San Diego \u00b7 Our Mobile Unit Comes to You \u00b7 Intensive spot cleaning of interior car \u00b7 Your car like new!\" \/>\n<meta property=\"og:url\" content=\"https:\/\/litus29detailing.com\/es\/detallado-interior-san-diego\/\" \/>\n<meta property=\"og:site_name\" content=\"Litus 29 Detailing\" \/>\n<meta property=\"article:modified_time\" content=\"2021-02-22T18:29:38+00:00\" \/>\n<meta name=\"twitter:card\" content=\"summary_large_image\" \/>\n<meta name=\"twitter:label1\" content=\"Tiempo de lectura\" \/>\n\t<meta name=\"twitter:data1\" content=\"3 minutos\" \/>\n<script type=\"application\/ld+json\" class=\"yoast-schema-graph\">{\"@context\":\"https:\/\/schema.org\",\"@graph\":[{\"@type\":\"WebPage\",\"@id\":\"https:\/\/litus29detailing.com\/interior-detailing-san-diego\/\",\"url\":\"https:\/\/litus29detailing.com\/interior-detailing-san-diego\/\",\"name\":\"Interior Detailing in San Diego - Mobile Auto Detailing\",\"isPartOf\":{\"@id\":\"https:\/\/litus29detailing.com\/#website\"},\"datePublished\":\"2021-01-14T15:46:25+00:00\",\"dateModified\":\"2021-02-22T18:29:38+00:00\",\"description\":\"Professional interior car detailing Service in San Diego \u00b7 Our Mobile Unit Comes to You \u00b7 Intensive spot cleaning of interior car \u00b7 Your car like new!\",\"breadcrumb\":{\"@id\":\"https:\/\/litus29detailing.com\/interior-detailing-san-diego\/#breadcrumb\"},\"inLanguage\":\"es\",\"potentialAction\":[{\"@type\":\"ReadAction\",\"target\":[\"https:\/\/litus29detailing.com\/interior-detailing-san-diego\/\"]}]},{\"@type\":\"BreadcrumbList\",\"@id\":\"https:\/\/litus29detailing.com\/interior-detailing-san-diego\/#breadcrumb\",\"itemListElement\":[{\"@type\":\"ListItem\",\"position\":1,\"name\":\"Portada\",\"item\":\"https:\/\/litus29detailing.com\/\"},{\"@type\":\"ListItem\",\"position\":2,\"name\":\"Interior Detailing\"}]},{\"@type\":\"WebSite\",\"@id\":\"https:\/\/litus29detailing.com\/#website\",\"url\":\"https:\/\/litus29detailing.com\/\",\"name\":\"Litus 29 Detailing\",\"description\":\"Litus 29 Detailing\",\"potentialAction\":[{\"@type\":\"SearchAction\",\"target\":{\"@type\":\"EntryPoint\",\"urlTemplate\":\"https:\/\/litus29detailing.com\/?s={search_term_string}\"},\"query-input\":{\"@type\":\"PropertyValueSpecification\",\"valueRequired\":true,\"valueName\":\"search_term_string\"}}],\"inLanguage\":\"es\"}]}<\/script>\n<!-- \/ Yoast SEO plugin. -->","yoast_head_json":{"title":"Detallado Interior en San Diego - Detallado M\u00f3vil de Autom\u00f3viles","description":"Servicio profesional de Detallado Interior de Autom\u00f3viles en San Diego \u00b7 Nuestra Unidad M\u00f3vil Llega a Ti \u00b7 Limpieza intensiva de manchas en el interior del autom\u00f3vil \u00b7 \u00a1Tu autom\u00f3vil como nuevo!","robots":{"index":"index","follow":"follow","max-snippet":"max-snippet:-1","max-image-preview":"max-image-preview:large","max-video-preview":"max-video-preview:-1"},"canonical":"https:\/\/litus29detailing.com\/es\/detallado-interior-san-diego\/","og_locale":"es_ES","og_type":"article","og_title":"Interior Detailing in San Diego - Mobile Auto Detailing","og_description":"Professional interior car detailing Service in San Diego \u00b7 Our Mobile Unit Comes to You \u00b7 Intensive spot cleaning of interior car \u00b7 Your car like new!","og_url":"https:\/\/litus29detailing.com\/es\/detallado-interior-san-diego\/","og_site_name":"Litus 29 Detailing","article_modified_time":"2021-02-22T18:29:38+00:00","twitter_card":"summary_large_image","twitter_misc":{"Tiempo de lectura":"3 minutos"},"schema":{"@context":"https:\/\/schema.org","@graph":[{"@type":"WebPage","@id":"https:\/\/litus29detailing.com\/interior-detailing-san-diego\/","url":"https:\/\/litus29detailing.com\/interior-detailing-san-diego\/","name":"Detallado Interior en San Diego - Detallado M\u00f3vil de Autom\u00f3viles","isPartOf":{"@id":"https:\/\/litus29detailing.com\/#website"},"datePublished":"2021-01-14T15:46:25+00:00","dateModified":"2021-02-22T18:29:38+00:00","description":"Servicio profesional de Detallado Interior de Autom\u00f3viles en San Diego \u00b7 Nuestra Unidad M\u00f3vil Llega a Ti \u00b7 Limpieza intensiva de manchas en el interior del autom\u00f3vil \u00b7 \u00a1Tu autom\u00f3vil como nuevo!","breadcrumb":{"@id":"https:\/\/litus29detailing.com\/interior-detailing-san-diego\/#breadcrumb"},"inLanguage":"es","potentialAction":[{"@type":"ReadAction","target":["https:\/\/litus29detailing.com\/interior-detailing-san-diego\/"]}]},{"@type":"BreadcrumbList","@id":"https:\/\/litus29detailing.com\/interior-detailing-san-diego\/#breadcrumb","itemListElement":[{"@type":"ListItem","position":1,"name":"Portada","item":"https:\/\/litus29detailing.com\/"},{"@type":"ListItem","position":2,"name":"Interior Detailing"}]},{"@type":"WebSite","@id":"https:\/\/litus29detailing.com\/#website","url":"https:\/\/litus29detailing.com\/","name":"Litus 29 Detailing","description":"Litus 29 Detailing","potentialAction":[{"@type":"SearchAction","target":{"@type":"EntryPoint","urlTemplate":"https:\/\/litus29detailing.com\/?s={search_term_string}"},"query-input":{"@type":"PropertyValueSpecification","valueRequired":true,"valueName":"search_term_string"}}],"inLanguage":"es"}]}},"_links":{"self":[{"href":"https:\/\/litus29detailing.com\/es\/wp-json\/wp\/v2\/pages\/440","targetHints":{"allow":["GET"]}}],"collection":[{"href":"https:\/\/litus29detailing.com\/es\/wp-json\/wp\/v2\/pages"}],"about":[{"href":"https:\/\/litus29detailing.com\/es\/wp-json\/wp\/v2\/types\/page"}],"author":[{"embeddable":true,"href":"https:\/\/litus29detailing.com\/es\/wp-json\/wp\/v2\/users\/1"}],"replies":[{"embeddable":true,"href":"https:\/\/litus29detailing.com\/es\/wp-json\/wp\/v2\/comments?post=440"}],"version-history":[{"count":6,"href":"https:\/\/litus29detailing.com\/es\/wp-json\/wp\/v2\/pages\/440\/revisions"}],"predecessor-version":[{"id":571,"href":"https:\/\/litus29detailing.com\/es\/wp-json\/wp\/v2\/pages\/440\/revisions\/571"}],"wp:attachment":[{"href":"https:\/\/litus29detailing.com\/es\/wp-json\/wp\/v2\/media?parent=440"}],"curies":[{"name":"wp","href":"https:\/\/api.w.org\/{rel}","templated":true}]}}