{"id":1557,"date":"2024-03-13T10:39:09","date_gmt":"2024-03-13T10:39:09","guid":{"rendered":"https:\/\/litus29detailing.com\/?page_id=1557"},"modified":"2024-03-13T10:42:37","modified_gmt":"2024-03-13T10:42:37","slug":"aircrafts-detailing-san-diego","status":"publish","type":"page","link":"https:\/\/litus29detailing.com\/es\/limpieza-aeronaves-san-diego\/","title":{"rendered":"Aircrafts Detailing San Diego"},"content":{"rendered":"<p>[et_pb_section fb_built=&#8221;1&#8243; custom_padding_last_edited=&#8221;on|tablet&#8221; admin_label=&#8221;Hero&#8221; _builder_version=&#8221;4.18.1&#8243; use_background_color_gradient=&#8221;on&#8221; background_color_gradient_stops=&#8221;rgba(27,31,37,0.2) 0%|#1b1f25 100%&#8221; background_color_gradient_overlays_image=&#8221;on&#8221; background_color_gradient_start=&#8221;rgba(27,31,37,0.2)&#8221; background_color_gradient_end=&#8221;#1b1f25&#8243; background_image=&#8221;https:\/\/litus29detailing.com\/wp-content\/uploads\/2024\/03\/rvs1.jpg&#8221; custom_margin=&#8221;0px|||&#8221; custom_padding=&#8221;0px|10%|0px|10%|true|true&#8221; custom_padding_tablet=&#8221;|30px||30px||true&#8221; custom_padding_phone=&#8221;|||||true&#8221; hover_enabled=&#8221;0&#8243; locked=&#8221;off&#8221; global_colors_info=&#8221;{}&#8221; title_text=&#8221;rvs1&#8243; sticky_enabled=&#8221;0&#8243;][et_pb_row column_structure=&#8221;2_3,1_3&#8243; padding_top_bottom_link_1=&#8221;true&#8221; padding_left_right_link_1=&#8221;true&#8221; _builder_version=&#8221;4.16&#8243; background_size=&#8221;initial&#8221; background_position=&#8221;top_left&#8221; width=&#8221;100%&#8221; max_width=&#8221;100%&#8221; custom_margin=&#8221;|||&#8221; custom_padding=&#8221;0||0px||false|false&#8221; use_custom_width=&#8221;on&#8221; width_unit=&#8221;off&#8221; custom_width_percent=&#8221;100%&#8221; global_colors_info=&#8221;{}&#8221;][et_pb_column type=&#8221;2_3&#8243; _builder_version=&#8221;4.16&#8243; custom_padding=&#8221;12vw|40px|12vw|40px&#8221; custom_padding_tablet=&#8221;|||&#8221; custom_padding_phone=&#8221;|10px||10px||true&#8221; custom_padding_last_edited=&#8221;on|desktop&#8221; global_colors_info=&#8221;{}&#8221; padding_phone=&#8221;|10px||10px||true&#8221; padding_tablet=&#8221;|||&#8221; padding_last_edited=&#8221;on|desktop&#8221; custom_padding__hover=&#8221;|||&#8221;][et_pb_text _builder_version=&#8221;4.16&#8243; text_font=&#8221;Lato||||||||&#8221; text_font_size=&#8221;20px&#8221; text_line_height=&#8221;1.8em&#8221; header_font=&#8221;Teko|500||on|||||&#8221; header_font_size=&#8221;9vw&#8221; header_letter_spacing=&#8221;0.05em&#8221; header_line_height=&#8221;0.9em&#8221; background_layout=&#8221;dark&#8221; custom_margin=&#8221;|-10vw|0px|&#8221; custom_margin_tablet=&#8221;|0vw||&#8221; custom_margin_phone=&#8221;|-5vw||&#8221; custom_margin_last_edited=&#8221;on|tablet&#8221; animation_style=&#8221;zoom&#8221; animation_delay=&#8221;100ms&#8221; animation_intensity_zoom=&#8221;10%&#8221; header_font_size_tablet=&#8221;&#8221; header_font_size_phone=&#8221;&#8221; header_font_size_last_edited=&#8221;on|phone&#8221; header_line_height_tablet=&#8221;&#8221; header_line_height_phone=&#8221;1.2em&#8221; header_line_height_last_edited=&#8221;on|phone&#8221; header_text_shadow_style=&#8221;preset1&#8243; header_text_shadow_vertical_length=&#8221;0.18em&#8221; header_text_shadow_blur_strength=&#8221;0.27em&#8221; header_text_shadow_color=&#8221;rgba(0,0,0,0.38)&#8221; global_colors_info=&#8221;{}&#8221;]<\/p>\n<h1>AIRCRAFTS<\/h1>\n<p>[\/et_pb_text][et_pb_text _builder_version=&#8221;4.16&#8243; text_font=&#8221;Lato||||||||&#8221; text_font_size=&#8221;20px&#8221; text_line_height=&#8221;1.8em&#8221; header_font=&#8221;||||||||&#8221; background_layout=&#8221;dark&#8221; custom_margin=&#8221;|-10vw||10vw&#8221; custom_margin_tablet=&#8221;|0vw||0px&#8221; custom_margin_phone=&#8221;&#8221; custom_margin_last_edited=&#8221;on|desktop&#8221; animation_style=&#8221;slide&#8221; animation_direction=&#8221;left&#8221; animation_intensity_slide=&#8221;10%&#8221; locked=&#8221;off&#8221; global_colors_info=&#8221;{}&#8221;]<\/p>\n<p>\u00a0<\/p>\n<p>[\/et_pb_text][et_pb_button button_url=&#8221;https:\/\/litus29detailing.com\/contact\/&#8221; button_text=&#8221;Contact&#8221; button_alignment=&#8221;left&#8221; _builder_version=&#8221;4.16&#8243; custom_button=&#8221;on&#8221; button_bg_color=&#8221;#1A8DE9&#8243; button_border_width=&#8221;12px&#8221; button_border_color=&#8221;#1A8DE9&#8243; button_border_radius=&#8221;0px&#8221; button_letter_spacing=&#8221;4px&#8221; button_font=&#8221;Teko|700||on|||||&#8221; button_icon=&#8221;&#x24;||divi||400&#8243; background_layout=&#8221;dark&#8221; custom_margin=&#8221;|||&#8221; animation_style=&#8221;slide&#8221; animation_direction=&#8221;left&#8221; animation_delay=&#8221;100ms&#8221; animation_intensity_slide=&#8221;20%&#8221; locked=&#8221;off&#8221; global_colors_info=&#8221;{}&#8221; button_text_size__hover_enabled=&#8221;off&#8221; button_one_text_size__hover_enabled=&#8221;off&#8221; button_two_text_size__hover_enabled=&#8221;off&#8221; button_text_color__hover_enabled=&#8221;off&#8221; button_one_text_color__hover_enabled=&#8221;off&#8221; button_two_text_color__hover_enabled=&#8221;off&#8221; button_border_width__hover_enabled=&#8221;off&#8221; button_one_border_width__hover_enabled=&#8221;off&#8221; button_two_border_width__hover_enabled=&#8221;off&#8221; button_border_color__hover_enabled=&#8221;off&#8221; button_one_border_color__hover_enabled=&#8221;off&#8221; button_two_border_color__hover_enabled=&#8221;off&#8221; button_border_radius__hover_enabled=&#8221;off&#8221; button_one_border_radius__hover_enabled=&#8221;off&#8221; button_two_border_radius__hover_enabled=&#8221;off&#8221; button_letter_spacing__hover_enabled=&#8221;off&#8221; button_one_letter_spacing__hover_enabled=&#8221;off&#8221; button_two_letter_spacing__hover_enabled=&#8221;off&#8221; button_bg_color__hover_enabled=&#8221;off&#8221; button_one_bg_color__hover_enabled=&#8221;off&#8221; button_two_bg_color__hover_enabled=&#8221;off&#8221;][\/et_pb_button][\/et_pb_column][et_pb_column type=&#8221;1_3&#8243; _builder_version=&#8221;4.16&#8243; custom_padding=&#8221;|||&#8221; global_colors_info=&#8221;{}&#8221; custom_padding__hover=&#8221;|||&#8221;][\/et_pb_column][\/et_pb_row][\/et_pb_section][et_pb_section fb_built=&#8221;1&#8243; next_background_color=&#8221;#ffffff&#8221; disabled_on=&#8221;on|off|off&#8221; admin_label=&#8221;Features&#8221; _builder_version=&#8221;4.17.6&#8243; use_background_color_gradient=&#8221;on&#8221; background_color_gradient_stops=&#8221;#ffffff 40%|rgba(255,255,255,0.7) 100%&#8221; background_color_gradient_overlays_image=&#8221;on&#8221; background_color_gradient_start=&#8221;#ffffff&#8221; background_color_gradient_start_position=&#8221;40%&#8221; background_color_gradient_end=&#8221;rgba(255,255,255,0.7)&#8221; background_enable_image=&#8221;off&#8221; custom_padding=&#8221;70px|0px|150px|0px|false|false&#8221; bottom_divider_style=&#8221;arrow&#8221; bottom_divider_arrangement=&#8221;above_content&#8221; bottom_divider_height_tablet=&#8221;&#8221; bottom_divider_height_phone=&#8221;50px&#8221; bottom_divider_height_last_edited=&#8221;on|desktop&#8221; locked=&#8221;off&#8221; global_colors_info=&#8221;{}&#8221;][et_pb_row _builder_version=&#8221;4.16&#8243; min_height=&#8221;108px&#8221; custom_padding=&#8221;30px|||0px||&#8221; global_colors_info=&#8221;{}&#8221;][et_pb_column type=&#8221;4_4&#8243; _builder_version=&#8221;4.16&#8243; custom_padding=&#8221;|||&#8221; global_colors_info=&#8221;{}&#8221; custom_padding__hover=&#8221;|||&#8221;][et_pb_text _builder_version=&#8221;4.16&#8243; text_font=&#8221;Lato||||||||&#8221; text_font_size=&#8221;20px&#8221; text_line_height=&#8221;1.8em&#8221; header_font=&#8221;||||||||&#8221; header_2_font=&#8221;Teko||||||||&#8221; header_2_text_color=&#8221;#000000&#8243; header_2_font_size=&#8221;96px&#8221; text_orientation=&#8221;center&#8221; max_width=&#8221;700px&#8221; module_alignment=&#8221;center&#8221; custom_margin=&#8221;|||&#8221; header_2_font_size_tablet=&#8221;66px&#8221; header_2_font_size_phone=&#8221;36px&#8221; header_2_font_size_last_edited=&#8221;on|phone&#8221; global_colors_info=&#8221;{}&#8221;]<\/p>\n<h2>Nuestro trabajo<\/h2>\n<p>[\/et_pb_text][\/et_pb_column][\/et_pb_row][et_pb_row column_structure=&#8221;1_2,1_2&#8243; _builder_version=&#8221;4.17.6&#8243; min_height=&#8221;108px&#8221; custom_padding=&#8221;28px|||0px||&#8221; global_colors_info=&#8221;{}&#8221;][et_pb_column type=&#8221;1_2&#8243; _builder_version=&#8221;4.16&#8243; custom_padding=&#8221;|||&#8221; global_colors_info=&#8221;{}&#8221; custom_padding__hover=&#8221;|||&#8221;][et_pb_gallery gallery_ids=&#8221;1559,1561&#8243; fullwidth=&#8221;on&#8221; module_class=&#8221;lwp-arrow-color&#8221; _builder_version=&#8221;4.18.1&#8243; _module_preset=&#8221;default&#8221; pagination_text_color=&#8221;#FFFFFF&#8221; animation_style=&#8221;fade&#8221; auto=&#8221;on&#8221; auto_speed=&#8221;3000&#8243; hover_enabled=&#8221;0&#8243; global_colors_info=&#8221;{}&#8221; sticky_enabled=&#8221;0&#8243;][\/et_pb_gallery][\/et_pb_column][et_pb_column type=&#8221;1_2&#8243; _builder_version=&#8221;4.16&#8243; _module_preset=&#8221;default&#8221; global_colors_info=&#8221;{}&#8221;][et_pb_text _builder_version=&#8221;4.18.1&#8243; text_font=&#8221;Lato||||||||&#8221; text_font_size=&#8221;20px&#8221; text_line_height=&#8221;1.8em&#8221; header_font=&#8221;||||||||&#8221; header_2_font=&#8221;Teko||||||||&#8221; header_2_text_color=&#8221;#000000&#8243; header_2_font_size=&#8221;96px&#8221; text_orientation=&#8221;center&#8221; max_width=&#8221;700px&#8221; module_alignment=&#8221;center&#8221; custom_margin=&#8221;-42px||-32px||false|false&#8221; custom_padding=&#8221;0px||0px|||&#8221; hover_enabled=&#8221;0&#8243; header_2_font_size_tablet=&#8221;66px&#8221; header_2_font_size_phone=&#8221;36px&#8221; header_2_font_size_last_edited=&#8221;on|phone&#8221; inline_fonts=&#8221;ABeeZee&#8221; global_colors_info=&#8221;{}&#8221; sticky_enabled=&#8221;0&#8243;]<\/p>\n<h2 style=\"text-align: left;\"><span style=\"font-family: inherit; font-size: xx-large;\">Lavado en Seco<\/span><\/h2>\n<p>[\/et_pb_text][et_pb_text _builder_version=&#8221;4.18.1&#8243; _module_preset=&#8221;default&#8221; width=&#8221;100%&#8221; custom_margin=&#8221;||-2px|||&#8221; custom_padding=&#8221;|18px|0px|||&#8221; hover_enabled=&#8221;0&#8243; global_colors_info=&#8221;{}&#8221; sticky_enabled=&#8221;0&#8243; admin_label=&#8221;Text&#8221;]<\/p>\n<p><span style=\"color: #50555c;\">Cuando el lavado en h\u00famedo no es pr\u00e1ctico, utilizamos un m\u00e9todo de lavado en seco. La aeronave completa se desinsecta y se limpia a mano utilizando limpiadores aprobados por la aviaci\u00f3n, dejando una superficie limpia y sin rayas. Todas las ventanas se limpian siguiendo los requisitos del fabricante.<\/span><\/p>\n<p><span style=\"color: #50555c;\"><\/span><\/p>\n<p>[\/et_pb_text][et_pb_text _builder_version=&#8221;4.18.1&#8243; text_font=&#8221;Lato||||||||&#8221; text_font_size=&#8221;20px&#8221; text_line_height=&#8221;1.8em&#8221; header_font=&#8221;||||||||&#8221; header_2_font=&#8221;Teko||||||||&#8221; header_2_text_color=&#8221;#000000&#8243; header_2_font_size=&#8221;96px&#8221; text_orientation=&#8221;center&#8221; max_width=&#8221;700px&#8221; module_alignment=&#8221;center&#8221; custom_margin=&#8221;-42px||-32px||false|false&#8221; custom_padding=&#8221;0px||0px|||&#8221; hover_enabled=&#8221;0&#8243; header_2_font_size_tablet=&#8221;66px&#8221; header_2_font_size_phone=&#8221;36px&#8221; header_2_font_size_last_edited=&#8221;on|phone&#8221; inline_fonts=&#8221;ABeeZee&#8221; global_colors_info=&#8221;{}&#8221; sticky_enabled=&#8221;0&#8243; admin_label=&#8221;Text&#8221;]<\/p>\n<h2 style=\"text-align: left;\"><span style=\"font-family: inherit; font-size: xx-large;\">Exterior B\u00e1sico<\/span><\/h2>\n<p>[\/et_pb_text][et_pb_text _builder_version=&#8221;4.18.1&#8243; _module_preset=&#8221;default&#8221; width=&#8221;100%&#8221; custom_margin=&#8221;||-2px|||&#8221; custom_padding=&#8221;|18px|0px|||&#8221; hover_enabled=&#8221;0&#8243; global_colors_info=&#8221;{}&#8221; sticky_enabled=&#8221;0&#8243; admin_label=&#8221;Text&#8221;]<\/p>\n<p><span style=\"color: #50555c;\">Se desinfectan y limpian el radomo, los bordes de ataque de las alas, las tomas de aire del motor, el tren de aterrizaje delantero, los trenes de aterrizaje principales, las puertas del tren de aterrizaje y las aletas. Se limpian los motores, las \u00e1reas de inversi\u00f3n de empuje, la parte superior de las alas, el parabrisas y las ventanas. El \u00e1rea de seguimiento del escape se limpia en puntos espec\u00edficos, al igual que la parte inferior del avi\u00f3n, desde la nariz hasta el cono de la cola.<\/span><\/p>\n<p><span style=\"color: #50555c;\"><\/span><\/p>\n<p>[\/et_pb_text][et_pb_text _builder_version=&#8221;4.18.1&#8243; text_font=&#8221;Lato||||||||&#8221; text_font_size=&#8221;20px&#8221; text_line_height=&#8221;1.8em&#8221; header_font=&#8221;||||||||&#8221; header_2_font=&#8221;Teko||||||||&#8221; header_2_text_color=&#8221;#000000&#8243; header_2_font_size=&#8221;96px&#8221; text_orientation=&#8221;center&#8221; max_width=&#8221;700px&#8221; module_alignment=&#8221;center&#8221; custom_margin=&#8221;-42px||-32px||false|false&#8221; custom_padding=&#8221;0px||0px|||&#8221; hover_enabled=&#8221;0&#8243; header_2_font_size_tablet=&#8221;66px&#8221; header_2_font_size_phone=&#8221;36px&#8221; header_2_font_size_last_edited=&#8221;on|phone&#8221; inline_fonts=&#8221;ABeeZee&#8221; global_colors_info=&#8221;{}&#8221; sticky_enabled=&#8221;0&#8243; admin_label=&#8221;Text&#8221;]<\/p>\n<h2 style=\"text-align: left;\"><span style=\"font-family: inherit; font-size: xx-large;\">Limpieza Interior B\u00e1sica<\/span><\/h2>\n<p>[\/et_pb_text][et_pb_text _builder_version=&#8221;4.18.1&#8243; _module_preset=&#8221;default&#8221; width=&#8221;100%&#8221; custom_margin=&#8221;||-2px|||&#8221; custom_padding=&#8221;|18px|0px|||&#8221; hover_enabled=&#8221;0&#8243; global_colors_info=&#8221;{}&#8221; sticky_enabled=&#8221;0&#8243; admin_label=&#8221;Text&#8221;]<\/p>\n<p><span style=\"color: #50555c;\">Se limpian todas las superficies de la cabina, se retira la basura, se aspiran los asientos, portavasos y todas las alfombras. Las superficies del lavabo se limpian y desinfectan, se retira la basura, se aspiran las alfombras. La cabina de vuelo se desempolva, se limpian las pantallas y ventanas, se retira la basura, se aspiran los asientos, portavasos y alfombras. Se limpian y desinfectan las superficies de la cocina, se retira la basura, el caf\u00e9 usado y la comida vieja, se limpia el suelo y, si corresponde, se aspiran todas las alfombras.<br \/><\/span><\/p>\n<p><span style=\"color: #50555c;\"><\/span><\/p>\n<p>[\/et_pb_text][et_pb_text _builder_version=&#8221;4.18.1&#8243; text_font=&#8221;Lato||||||||&#8221; text_font_size=&#8221;20px&#8221; text_line_height=&#8221;1.8em&#8221; header_font=&#8221;||||||||&#8221; header_2_font=&#8221;Teko||||||||&#8221; header_2_text_color=&#8221;#000000&#8243; header_2_font_size=&#8221;96px&#8221; text_orientation=&#8221;center&#8221; max_width=&#8221;700px&#8221; module_alignment=&#8221;center&#8221; custom_margin=&#8221;-42px||-32px||false|false&#8221; custom_padding=&#8221;0px||0px|||&#8221; hover_enabled=&#8221;0&#8243; header_2_font_size_tablet=&#8221;66px&#8221; header_2_font_size_phone=&#8221;36px&#8221; header_2_font_size_last_edited=&#8221;on|phone&#8221; inline_fonts=&#8221;ABeeZee&#8221; global_colors_info=&#8221;{}&#8221; sticky_enabled=&#8221;0&#8243; admin_label=&#8221;Text&#8221;]<\/p>\n<h2 style=\"text-align: left;\"><span style=\"font-family: inherit; font-size: xx-large;\">Limpieza Interior Detallada<\/span><\/h2>\n<p>[\/et_pb_text][et_pb_text _builder_version=&#8221;4.18.1&#8243; _module_preset=&#8221;default&#8221; width=&#8221;100%&#8221; custom_margin=&#8221;||-2px|||&#8221; custom_padding=&#8221;|18px|0px|||&#8221; hover_enabled=&#8221;0&#8243; global_colors_info=&#8221;{}&#8221; sticky_enabled=&#8221;0&#8243; admin_label=&#8221;Text&#8221;]<\/p>\n<p><span style=\"color: #50555c;\">Se limpian todas las superficies de la cabina, se retira la basura, se realiza una limpieza profunda y se acondicionan todos los asientos de cuero, se vac\u00edan, limpian y organizan todos los cajones\/ compartimentos de la pared lateral, se aspiran los asientos, portavasos y todas las alfombras. Las superficies del lavabo se limpian y desinfectan, se vac\u00edan, limpian y organizan todos los cajones y armarios, se retira la basura, se aspiran las alfombras. La cabina de vuelo se detalla, se limpian las pantallas y ventanas, se retira la basura, se aspiran los asientos, portavasos y alfombras. Se limpian y desinfectan las superficies de la cocina, se vac\u00edan, limpian y organizan todos los cajones y armarios, se limpian y desinfectan los cajones de hielo, se limpia el horno, se limpia y desinfecta el enfriador, se retira la basura, el caf\u00e9 usado y la comida vieja, se limpia el suelo y, si corresponde, se aspiran todas las alfombras.<\/span><\/p>\n<p><span style=\"color: #50555c;\"><\/span><\/p>\n<p>[\/et_pb_text][\/et_pb_column][\/et_pb_row][\/et_pb_section]<\/p>\n<span class=\"et_bloom_bottom_trigger\"><\/span>","protected":false},"excerpt":{"rendered":"<p>AIRCRAFTS\u00a0Our WorkDry WashWhen wet washing is not practical, we use a dry wash method. The entire aircraft is debugged and hand-wiped using aviation-approved cleaners, leaving behind a streak free clean surface. All the windows are cleaned following the manufacturer&#8217;s requirements. Basic ExteriorRadome, wing leading edges, engine inlets, nose gear, main gears, gear doors, and flaps [&hellip;]<\/p>","protected":false},"author":1,"featured_media":1559,"parent":0,"menu_order":0,"comment_status":"closed","ping_status":"closed","template":"","meta":{"_et_pb_use_builder":"on","_et_pb_old_content":"","_et_gb_content_width":"","_joinchat":[],"footnotes":""},"class_list":["post-1557","page","type-page","status-publish","has-post-thumbnail","hentry"],"yoast_head":"<!-- This site is optimized with the Yoast SEO plugin v26.5 - https:\/\/yoast.com\/wordpress\/plugins\/seo\/ -->\n<title>Aircraft Interior and Exterior Cleaning and Detailing Services<\/title>\n<meta name=\"description\" content=\"Top-notch aircraft cleaning and detailing services with a focus on exterior and interior care, waxing, leather treatment, and stain extraction for pristine aviation.\" \/>\n<meta name=\"robots\" content=\"index, follow, max-snippet:-1, max-image-preview:large, max-video-preview:-1\" \/>\n<link rel=\"canonical\" href=\"https:\/\/litus29detailing.com\/es\/limpieza-aeronaves-san-diego\/\" \/>\n<meta property=\"og:locale\" content=\"es_ES\" \/>\n<meta property=\"og:type\" content=\"article\" \/>\n<meta property=\"og:title\" content=\"Aircraft Interior and Exterior Cleaning and Detailing Services\" \/>\n<meta property=\"og:description\" content=\"Top-notch aircraft cleaning and detailing services with a focus on exterior and interior care, waxing, leather treatment, and stain extraction for pristine aviation.\" \/>\n<meta property=\"og:url\" content=\"https:\/\/litus29detailing.com\/es\/limpieza-aeronaves-san-diego\/\" \/>\n<meta property=\"og:site_name\" content=\"Litus 29 Detailing\" \/>\n<meta property=\"article:modified_time\" content=\"2024-03-13T10:42:37+00:00\" \/>\n<meta property=\"og:image\" content=\"https:\/\/litus29detailing.com\/wp-content\/uploads\/2024\/03\/rvs1.jpg\" \/>\n\t<meta property=\"og:image:width\" content=\"1000\" \/>\n\t<meta property=\"og:image:height\" content=\"600\" \/>\n\t<meta property=\"og:image:type\" content=\"image\/jpeg\" \/>\n<meta name=\"twitter:card\" content=\"summary_large_image\" \/>\n<meta name=\"twitter:label1\" content=\"Tiempo de lectura\" \/>\n\t<meta name=\"twitter:data1\" content=\"2 minutos\" \/>\n<script type=\"application\/ld+json\" class=\"yoast-schema-graph\">{\"@context\":\"https:\/\/schema.org\",\"@graph\":[{\"@type\":\"WebPage\",\"@id\":\"https:\/\/litus29detailing.com\/aircrafts-detailing-san-diego\/\",\"url\":\"https:\/\/litus29detailing.com\/aircrafts-detailing-san-diego\/\",\"name\":\"Aircraft Interior and Exterior Cleaning and Detailing Services\",\"isPartOf\":{\"@id\":\"https:\/\/litus29detailing.com\/#website\"},\"primaryImageOfPage\":{\"@id\":\"https:\/\/litus29detailing.com\/aircrafts-detailing-san-diego\/#primaryimage\"},\"image\":{\"@id\":\"https:\/\/litus29detailing.com\/aircrafts-detailing-san-diego\/#primaryimage\"},\"thumbnailUrl\":\"https:\/\/litus29detailing.com\/wp-content\/uploads\/2024\/03\/rvs1.jpg\",\"datePublished\":\"2024-03-13T10:39:09+00:00\",\"dateModified\":\"2024-03-13T10:42:37+00:00\",\"description\":\"Top-notch aircraft cleaning and detailing services with a focus on exterior and interior care, waxing, leather treatment, and stain extraction for pristine aviation.\",\"breadcrumb\":{\"@id\":\"https:\/\/litus29detailing.com\/aircrafts-detailing-san-diego\/#breadcrumb\"},\"inLanguage\":\"es\",\"potentialAction\":[{\"@type\":\"ReadAction\",\"target\":[\"https:\/\/litus29detailing.com\/aircrafts-detailing-san-diego\/\"]}]},{\"@type\":\"ImageObject\",\"inLanguage\":\"es\",\"@id\":\"https:\/\/litus29detailing.com\/aircrafts-detailing-san-diego\/#primaryimage\",\"url\":\"https:\/\/litus29detailing.com\/wp-content\/uploads\/2024\/03\/rvs1.jpg\",\"contentUrl\":\"https:\/\/litus29detailing.com\/wp-content\/uploads\/2024\/03\/rvs1.jpg\",\"width\":1000,\"height\":600},{\"@type\":\"BreadcrumbList\",\"@id\":\"https:\/\/litus29detailing.com\/aircrafts-detailing-san-diego\/#breadcrumb\",\"itemListElement\":[{\"@type\":\"ListItem\",\"position\":1,\"name\":\"Portada\",\"item\":\"https:\/\/litus29detailing.com\/\"},{\"@type\":\"ListItem\",\"position\":2,\"name\":\"Aircrafts Detailing San Diego\"}]},{\"@type\":\"WebSite\",\"@id\":\"https:\/\/litus29detailing.com\/#website\",\"url\":\"https:\/\/litus29detailing.com\/\",\"name\":\"Litus 29 Detailing\",\"description\":\"Litus 29 Detailing\",\"potentialAction\":[{\"@type\":\"SearchAction\",\"target\":{\"@type\":\"EntryPoint\",\"urlTemplate\":\"https:\/\/litus29detailing.com\/?s={search_term_string}\"},\"query-input\":{\"@type\":\"PropertyValueSpecification\",\"valueRequired\":true,\"valueName\":\"search_term_string\"}}],\"inLanguage\":\"es\"}]}<\/script>\n<!-- \/ Yoast SEO plugin. -->","yoast_head_json":{"title":"Servicios de Limpieza y Detallado de Interiores y Exteriores de Aeronaves","description":"Servicios de limpieza y detallado de aeronaves de primera calidad con un enfoque en el cuidado exterior e interior, encerado, tratamiento de cuero y extracci\u00f3n de manchas para una aviaci\u00f3n impecable.","robots":{"index":"index","follow":"follow","max-snippet":"max-snippet:-1","max-image-preview":"max-image-preview:large","max-video-preview":"max-video-preview:-1"},"canonical":"https:\/\/litus29detailing.com\/es\/limpieza-aeronaves-san-diego\/","og_locale":"es_ES","og_type":"article","og_title":"Aircraft Interior and Exterior Cleaning and Detailing Services","og_description":"Top-notch aircraft cleaning and detailing services with a focus on exterior and interior care, waxing, leather treatment, and stain extraction for pristine aviation.","og_url":"https:\/\/litus29detailing.com\/es\/limpieza-aeronaves-san-diego\/","og_site_name":"Litus 29 Detailing","article_modified_time":"2024-03-13T10:42:37+00:00","og_image":[{"width":1000,"height":600,"url":"https:\/\/litus29detailing.com\/wp-content\/uploads\/2024\/03\/rvs1.jpg","type":"image\/jpeg"}],"twitter_card":"summary_large_image","twitter_misc":{"Tiempo de lectura":"2 minutos"},"schema":{"@context":"https:\/\/schema.org","@graph":[{"@type":"WebPage","@id":"https:\/\/litus29detailing.com\/aircrafts-detailing-san-diego\/","url":"https:\/\/litus29detailing.com\/aircrafts-detailing-san-diego\/","name":"Servicios de Limpieza y Detallado de Interiores y Exteriores de Aeronaves","isPartOf":{"@id":"https:\/\/litus29detailing.com\/#website"},"primaryImageOfPage":{"@id":"https:\/\/litus29detailing.com\/aircrafts-detailing-san-diego\/#primaryimage"},"image":{"@id":"https:\/\/litus29detailing.com\/aircrafts-detailing-san-diego\/#primaryimage"},"thumbnailUrl":"https:\/\/litus29detailing.com\/wp-content\/uploads\/2024\/03\/rvs1.jpg","datePublished":"2024-03-13T10:39:09+00:00","dateModified":"2024-03-13T10:42:37+00:00","description":"Servicios de limpieza y detallado de aeronaves de primera calidad con un enfoque en el cuidado exterior e interior, encerado, tratamiento de cuero y extracci\u00f3n de manchas para una aviaci\u00f3n impecable.","breadcrumb":{"@id":"https:\/\/litus29detailing.com\/aircrafts-detailing-san-diego\/#breadcrumb"},"inLanguage":"es","potentialAction":[{"@type":"ReadAction","target":["https:\/\/litus29detailing.com\/aircrafts-detailing-san-diego\/"]}]},{"@type":"ImageObject","inLanguage":"es","@id":"https:\/\/litus29detailing.com\/aircrafts-detailing-san-diego\/#primaryimage","url":"https:\/\/litus29detailing.com\/wp-content\/uploads\/2024\/03\/rvs1.jpg","contentUrl":"https:\/\/litus29detailing.com\/wp-content\/uploads\/2024\/03\/rvs1.jpg","width":1000,"height":600},{"@type":"BreadcrumbList","@id":"https:\/\/litus29detailing.com\/aircrafts-detailing-san-diego\/#breadcrumb","itemListElement":[{"@type":"ListItem","position":1,"name":"Portada","item":"https:\/\/litus29detailing.com\/"},{"@type":"ListItem","position":2,"name":"Aircrafts Detailing San Diego"}]},{"@type":"WebSite","@id":"https:\/\/litus29detailing.com\/#website","url":"https:\/\/litus29detailing.com\/","name":"Litus 29 Detailing","description":"Litus 29 Detailing","potentialAction":[{"@type":"SearchAction","target":{"@type":"EntryPoint","urlTemplate":"https:\/\/litus29detailing.com\/?s={search_term_string}"},"query-input":{"@type":"PropertyValueSpecification","valueRequired":true,"valueName":"search_term_string"}}],"inLanguage":"es"}]}},"_links":{"self":[{"href":"https:\/\/litus29detailing.com\/es\/wp-json\/wp\/v2\/pages\/1557","targetHints":{"allow":["GET"]}}],"collection":[{"href":"https:\/\/litus29detailing.com\/es\/wp-json\/wp\/v2\/pages"}],"about":[{"href":"https:\/\/litus29detailing.com\/es\/wp-json\/wp\/v2\/types\/page"}],"author":[{"embeddable":true,"href":"https:\/\/litus29detailing.com\/es\/wp-json\/wp\/v2\/users\/1"}],"replies":[{"embeddable":true,"href":"https:\/\/litus29detailing.com\/es\/wp-json\/wp\/v2\/comments?post=1557"}],"version-history":[{"count":2,"href":"https:\/\/litus29detailing.com\/es\/wp-json\/wp\/v2\/pages\/1557\/revisions"}],"predecessor-version":[{"id":1562,"href":"https:\/\/litus29detailing.com\/es\/wp-json\/wp\/v2\/pages\/1557\/revisions\/1562"}],"wp:featuredmedia":[{"embeddable":true,"href":"https:\/\/litus29detailing.com\/es\/wp-json\/wp\/v2\/media\/1559"}],"wp:attachment":[{"href":"https:\/\/litus29detailing.com\/es\/wp-json\/wp\/v2\/media?parent=1557"}],"curies":[{"name":"wp","href":"https:\/\/api.w.org\/{rel}","templated":true}]}}